{"id":10,"date":"2023-10-12T15:31:28","date_gmt":"2023-10-12T13:31:28","guid":{"rendered":"https:\/\/sdis57.fr\/home\/?page_id=10"},"modified":"2024-02-28T10:36:15","modified_gmt":"2024-02-28T09:36:15","slug":"accueil","status":"publish","type":"page","link":"https:\/\/www.sdis57.fr\/home\/","title":{"rendered":"Accueil"},"content":{"rendered":"","protected":false},"excerpt":{"rendered":"","protected":false},"author":1,"featured_media":0,"parent":0,"menu_order":0,"comment_status":"closed","ping_status":"closed","template":"","meta":{"_monsterinsights_skip_tracking":false,"_monsterinsights_sitenote_active":false,"_monsterinsights_sitenote_note":"","_monsterinsights_sitenote_category":0,"footnotes":""},"class_list":["post-10","page","type-page","status-publish","hentry"],"yoast_head":"<!-- This site is optimized with the Yoast SEO plugin v27.1.1 - https:\/\/yoast.com\/product\/yoast-seo-wordpress\/ -->\n<title>Accueil - SDIS 57 - Sapeurs-pompiers de la Moselle<\/title>\n<meta name=\"description\" content=\"Bienvenue sur le site web du Service D\u00e9partemental d&#039;Incendie et de Secours de la Moselle (SDIS 57). Rejoignez-nous !\" \/>\n<meta name=\"robots\" content=\"index, follow, max-snippet:-1, max-image-preview:large, max-video-preview:-1\" \/>\n<link rel=\"canonical\" href=\"https:\/\/www.sdis57.fr\/home\/\" \/>\n<meta property=\"og:locale\" content=\"fr_FR\" \/>\n<meta property=\"og:type\" content=\"article\" \/>\n<meta property=\"og:title\" content=\"Accueil - SDIS 57 - Sapeurs-pompiers de la Moselle\" \/>\n<meta property=\"og:description\" content=\"Bienvenue sur le site web du Service D\u00e9partemental d&#039;Incendie et de Secours de la Moselle (SDIS 57). Rejoignez-nous !\" \/>\n<meta property=\"og:url\" content=\"https:\/\/www.sdis57.fr\/home\/\" \/>\n<meta property=\"og:site_name\" content=\"SDIS 57 - Sapeurs-pompiers de la Moselle\" \/>\n<meta property=\"article:publisher\" content=\"https:\/\/www.facebook.com\/sdis57Officiel\" \/>\n<meta property=\"article:modified_time\" content=\"2024-02-28T09:36:15+00:00\" \/>\n<meta name=\"twitter:card\" content=\"summary_large_image\" \/>\n<meta name=\"twitter:site\" content=\"@SDIS57\" \/>\n<script type=\"application\/ld+json\" class=\"yoast-schema-graph\">{\"@context\":\"https:\/\/schema.org\",\"@graph\":[{\"@type\":\"WebPage\",\"@id\":\"https:\/\/www.sdis57.fr\/home\/\",\"url\":\"https:\/\/www.sdis57.fr\/home\/\",\"name\":\"Accueil - SDIS 57 - Sapeurs-pompiers de la Moselle\",\"isPartOf\":{\"@id\":\"https:\/\/www.sdis57.fr\/home\/#website\"},\"datePublished\":\"2023-10-12T13:31:28+00:00\",\"dateModified\":\"2024-02-28T09:36:15+00:00\",\"description\":\"Bienvenue sur le site web du Service D\u00e9partemental d'Incendie et de Secours de la Moselle (SDIS 57). Rejoignez-nous !\",\"breadcrumb\":{\"@id\":\"https:\/\/www.sdis57.fr\/home\/#breadcrumb\"},\"inLanguage\":\"fr-FR\",\"potentialAction\":[{\"@type\":\"ReadAction\",\"target\":[\"https:\/\/www.sdis57.fr\/home\/\"]}]},{\"@type\":\"BreadcrumbList\",\"@id\":\"https:\/\/www.sdis57.fr\/home\/#breadcrumb\",\"itemListElement\":[{\"@type\":\"ListItem\",\"position\":1,\"name\":\"Home\",\"item\":\"https:\/\/www.sdis57.fr\/home\/\"},{\"@type\":\"ListItem\",\"position\":2,\"name\":\"Accueil\"}]},{\"@type\":\"WebSite\",\"@id\":\"https:\/\/www.sdis57.fr\/home\/#website\",\"url\":\"https:\/\/www.sdis57.fr\/home\/\",\"name\":\"SAPEURS-POMPIERS DE LA MOSELLE\",\"description\":\"\u00c0 vos c\u00f4t\u00e9s au quotidien !\",\"publisher\":{\"@id\":\"https:\/\/www.sdis57.fr\/home\/#organization\"},\"potentialAction\":[{\"@type\":\"SearchAction\",\"target\":{\"@type\":\"EntryPoint\",\"urlTemplate\":\"https:\/\/www.sdis57.fr\/home\/?s={search_term_string}\"},\"query-input\":{\"@type\":\"PropertyValueSpecification\",\"valueRequired\":true,\"valueName\":\"search_term_string\"}}],\"inLanguage\":\"fr-FR\"},{\"@type\":\"Organization\",\"@id\":\"https:\/\/www.sdis57.fr\/home\/#organization\",\"name\":\"SAPEURS-POMPIERS DE LA MOSELLE\",\"url\":\"https:\/\/www.sdis57.fr\/home\/\",\"logo\":{\"@type\":\"ImageObject\",\"inLanguage\":\"fr-FR\",\"@id\":\"https:\/\/www.sdis57.fr\/home\/#\/schema\/logo\/image\/\",\"url\":\"https:\/\/www.sdis57.fr\/home\/wp-content\/uploads\/2023\/09\/Logo_SDIS_57.png\",\"contentUrl\":\"https:\/\/www.sdis57.fr\/home\/wp-content\/uploads\/2023\/09\/Logo_SDIS_57.png\",\"width\":970,\"height\":882,\"caption\":\"SAPEURS-POMPIERS DE LA MOSELLE\"},\"image\":{\"@id\":\"https:\/\/www.sdis57.fr\/home\/#\/schema\/logo\/image\/\"},\"sameAs\":[\"https:\/\/www.facebook.com\/sdis57Officiel\",\"https:\/\/x.com\/SDIS57\",\"https:\/\/www.linkedin.com\/company\/sdis-57-sapeurs-pompiers-de-la-moselle\/\"]}]}<\/script>\n<!-- \/ Yoast SEO plugin. -->","yoast_head_json":{"title":"Accueil - SDIS 57 - Sapeurs-pompiers de la Moselle","description":"Bienvenue sur le site web du Service D\u00e9partemental d'Incendie et de Secours de la Moselle (SDIS 57). Rejoignez-nous !","robots":{"index":"index","follow":"follow","max-snippet":"max-snippet:-1","max-image-preview":"max-image-preview:large","max-video-preview":"max-video-preview:-1"},"canonical":"https:\/\/www.sdis57.fr\/home\/","og_locale":"fr_FR","og_type":"article","og_title":"Accueil - SDIS 57 - Sapeurs-pompiers de la Moselle","og_description":"Bienvenue sur le site web du Service D\u00e9partemental d'Incendie et de Secours de la Moselle (SDIS 57). Rejoignez-nous !","og_url":"https:\/\/www.sdis57.fr\/home\/","og_site_name":"SDIS 57 - Sapeurs-pompiers de la Moselle","article_publisher":"https:\/\/www.facebook.com\/sdis57Officiel","article_modified_time":"2024-02-28T09:36:15+00:00","twitter_card":"summary_large_image","twitter_site":"@SDIS57","schema":{"@context":"https:\/\/schema.org","@graph":[{"@type":"WebPage","@id":"https:\/\/www.sdis57.fr\/home\/","url":"https:\/\/www.sdis57.fr\/home\/","name":"Accueil - SDIS 57 - Sapeurs-pompiers de la Moselle","isPartOf":{"@id":"https:\/\/www.sdis57.fr\/home\/#website"},"datePublished":"2023-10-12T13:31:28+00:00","dateModified":"2024-02-28T09:36:15+00:00","description":"Bienvenue sur le site web du Service D\u00e9partemental d'Incendie et de Secours de la Moselle (SDIS 57). Rejoignez-nous !","breadcrumb":{"@id":"https:\/\/www.sdis57.fr\/home\/#breadcrumb"},"inLanguage":"fr-FR","potentialAction":[{"@type":"ReadAction","target":["https:\/\/www.sdis57.fr\/home\/"]}]},{"@type":"BreadcrumbList","@id":"https:\/\/www.sdis57.fr\/home\/#breadcrumb","itemListElement":[{"@type":"ListItem","position":1,"name":"Home","item":"https:\/\/www.sdis57.fr\/home\/"},{"@type":"ListItem","position":2,"name":"Accueil"}]},{"@type":"WebSite","@id":"https:\/\/www.sdis57.fr\/home\/#website","url":"https:\/\/www.sdis57.fr\/home\/","name":"SAPEURS-POMPIERS DE LA MOSELLE","description":"\u00c0 vos c\u00f4t\u00e9s au quotidien !","publisher":{"@id":"https:\/\/www.sdis57.fr\/home\/#organization"},"potentialAction":[{"@type":"SearchAction","target":{"@type":"EntryPoint","urlTemplate":"https:\/\/www.sdis57.fr\/home\/?s={search_term_string}"},"query-input":{"@type":"PropertyValueSpecification","valueRequired":true,"valueName":"search_term_string"}}],"inLanguage":"fr-FR"},{"@type":"Organization","@id":"https:\/\/www.sdis57.fr\/home\/#organization","name":"SAPEURS-POMPIERS DE LA MOSELLE","url":"https:\/\/www.sdis57.fr\/home\/","logo":{"@type":"ImageObject","inLanguage":"fr-FR","@id":"https:\/\/www.sdis57.fr\/home\/#\/schema\/logo\/image\/","url":"https:\/\/www.sdis57.fr\/home\/wp-content\/uploads\/2023\/09\/Logo_SDIS_57.png","contentUrl":"https:\/\/www.sdis57.fr\/home\/wp-content\/uploads\/2023\/09\/Logo_SDIS_57.png","width":970,"height":882,"caption":"SAPEURS-POMPIERS DE LA MOSELLE"},"image":{"@id":"https:\/\/www.sdis57.fr\/home\/#\/schema\/logo\/image\/"},"sameAs":["https:\/\/www.facebook.com\/sdis57Officiel","https:\/\/x.com\/SDIS57","https:\/\/www.linkedin.com\/company\/sdis-57-sapeurs-pompiers-de-la-moselle\/"]}]}},"_links":{"self":[{"href":"https:\/\/www.sdis57.fr\/home\/index.php\/wp-json\/wp\/v2\/pages\/10","targetHints":{"allow":["GET"]}}],"collection":[{"href":"https:\/\/www.sdis57.fr\/home\/index.php\/wp-json\/wp\/v2\/pages"}],"about":[{"href":"https:\/\/www.sdis57.fr\/home\/index.php\/wp-json\/wp\/v2\/types\/page"}],"author":[{"embeddable":true,"href":"https:\/\/www.sdis57.fr\/home\/index.php\/wp-json\/wp\/v2\/users\/1"}],"replies":[{"embeddable":true,"href":"https:\/\/www.sdis57.fr\/home\/index.php\/wp-json\/wp\/v2\/comments?post=10"}],"version-history":[{"count":2,"href":"https:\/\/www.sdis57.fr\/home\/index.php\/wp-json\/wp\/v2\/pages\/10\/revisions"}],"predecessor-version":[{"id":1593,"href":"https:\/\/www.sdis57.fr\/home\/index.php\/wp-json\/wp\/v2\/pages\/10\/revisions\/1593"}],"wp:attachment":[{"href":"https:\/\/www.sdis57.fr\/home\/index.php\/wp-json\/wp\/v2\/media?parent=10"}],"curies":[{"name":"wp","href":"https:\/\/api.w.org\/{rel}","templated":true}]}}