{"id":1665,"date":"2024-03-04T10:28:01","date_gmt":"2024-03-04T09:28:01","guid":{"rendered":"https:\/\/www.sdis57.fr\/home\/?page_id=1665"},"modified":"2024-05-21T16:25:42","modified_gmt":"2024-05-21T16:25:42","slug":"mention-legale","status":"publish","type":"page","link":"https:\/\/www.sdis57.fr\/home\/index.php\/mention-legale\/","title":{"rendered":""},"content":{"rendered":"\t\t<div data-elementor-type=\"wp-page\" data-elementor-id=\"1665\" class=\"elementor elementor-1665\" data-elementor-post-type=\"page\">\n\t\t\t\t<div class=\"elementor-element elementor-element-65592de e-flex e-con-boxed e-con e-parent\" data-id=\"65592de\" data-element_type=\"container\" data-e-type=\"container\">\n\t\t\t\t\t<div class=\"e-con-inner\">\n\t\t\t\t<div class=\"elementor-element elementor-element-328d042 elementor-widget elementor-widget-heading\" data-id=\"328d042\" data-element_type=\"widget\" data-e-type=\"widget\" data-widget_type=\"heading.default\">\n\t\t\t\t<div class=\"elementor-widget-container\">\n\t\t\t\t\t<h1 class=\"elementor-heading-title elementor-size-default\">Mention l\u00e9gales<\/h1>\t\t\t\t<\/div>\n\t\t\t\t<\/div>\n\t\t\t\t\t<\/div>\n\t\t\t\t<\/div>\n\t\t<div class=\"elementor-element elementor-element-44c1178c e-flex e-con-boxed e-con e-parent\" data-id=\"44c1178c\" data-element_type=\"container\" data-e-type=\"container\">\n\t\t\t\t\t<div class=\"e-con-inner\">\n\t\t\t\t<div class=\"elementor-element elementor-element-ae7d7f8 elementor-widget elementor-widget-text-editor\" data-id=\"ae7d7f8\" data-element_type=\"widget\" data-e-type=\"widget\" data-widget_type=\"text-editor.default\">\n\t\t\t\t<div class=\"elementor-widget-container\">\n\t\t\t\t\t\t\t\t\t<p><\/p>\n<p><span style=\"text-align: var(--text-align);\">Le site www.sdis57.fr que vous consultez actuellement est la propri\u00e9t\u00e9 de : Service d\u00e9partemental d\u2019incendie et de secours de la Moselle dont le si\u00e8ge social est situ\u00e9 3, rue de Bort-les-Orgues \u00e0 Saint-Julien-l\u00e8s-Metz, 57070 (siret n\u00b0 285 701 611 00029), (ci-apr\u00e8s \u00ab Sdis de la Moselle \u00bb).<\/span><\/p>\n<p>H\u00e9bergement :<br>Service d\u00e9partemental d\u2019incendie et de secours de la Moselle<br>3, rue de Bort-les-Orgues<br>57070 Saint-Julien-l\u00e8s-Metz<\/p>\n<p>Le Directeur de la publication est Monsieur Patrick WEITEN, pr\u00e9sident du conseil d&rsquo;administration.<\/p>\n<p>Design fonctionnel, Web Design et d\u00e9veloppement technique :<br>Bureau Communication<br>3, rue de Bort-les-Orgues 57070<br>communication@sdis57.fr<\/p>\n<p><\/p>\n<h3 class=\"wp-block-heading\">Conditions g\u00e9n\u00e9rales d&rsquo;utilisation :<\/h3>\n<p>Les utilisateurs du site Internet (www.sdis57.fr) s\u2019engagent \u00e0 respecter les pr\u00e9sentes Conditions G\u00e9n\u00e9rales d&rsquo;Utilisation du site (ci-apr\u00e8s \u00ab CGU \u00bb) stipul\u00e9es ci-dessous. Seuls sont autoris\u00e9s le t\u00e9l\u00e9chargement, le partage et l&rsquo;impression de photographies, illustrations, images, vid\u00e9os\u2026 par l\u2019utilisateur, avec mention du copyright \u00e0 titre priv\u00e9. Toute utilisation, reproduction, copie, diffusion \u00e0 des fins commerciales est interdite sauf autorisation expresse de l\u2019auteur de l\u2019\u0153uvre en question.<br>Le Sdis de la Moselle est libre de modifier les CGU \u00e0 tout moment. Il vous est conseill\u00e9 de vous r\u00e9f\u00e9rer r\u00e9guli\u00e8rement \u00e0 la derni\u00e8re version des CGU, disponible en permanence en bas de page \u00e0 l&rsquo;adresse suivante : www.sdis57.fr<\/p>\n<p><\/p>\n<h3>Propri\u00e9t\u00e9 intellectuelle :<\/h3>\n<p>L&rsquo;acc\u00e8s au site www.sdis57.fr vous conf\u00e8re un droit d&rsquo;usage priv\u00e9 et non exclusif de ce site. Le site et tous ses \u00e9l\u00e9ments notamment les textes, photographies, illustrations, images, s\u00e9quences anim\u00e9es, etc. constituent des \u0153uvres au sens du code de la Propri\u00e9t\u00e9 Intellectuelle et sont la propri\u00e9t\u00e9 du Sdis de la Moselle. Ce site respecte les droits d\u2019auteur. Tous les droits de reproduction, de repr\u00e9sentation et d\u2019adaptation sont r\u00e9serv\u00e9s, y compris pour les documents t\u00e9l\u00e9chargeables et les repr\u00e9sentations iconographiques et photographiques.<\/p>\n<h3>Utilisation g\u00e9n\u00e9rale du site :<\/h3>\n<p>Le Sdis de la Moselle s&rsquo;efforce d&rsquo;offrir aux internautes des informations, outils et services disponibles et v\u00e9rifi\u00e9s. Le Sdis de la Moselle ne saurait \u00eatre tenu responsable des erreurs, d&rsquo;une absence de disponibilit\u00e9 des informations ou de la pr\u00e9sence d&rsquo;un virus sur son site. En aucun cas le Sdis de la Moselle ne saurait \u00eatre tenu pour responsable des dommages directs et indirects r\u00e9sultant de l&rsquo;acc\u00e8s ou de l&rsquo;usage du site.<br><br>Loi informatique et libert\u00e9s :<br>Conform\u00e9ment \u00e0 la loi du 6 janvier 1978 relative \u00e0 l&rsquo;informatique, aux fichiers et aux libert\u00e9s, vous disposez d&rsquo;un droit d&rsquo;acc\u00e8s, de rectification, de suppression et d\u2019opposition pour motifs l\u00e9gitimes des donn\u00e9es vous concernant en nous \u00e9crivant \u00e0 l&rsquo;adresse suivante : Service d\u00e9partemental d\u2019incendie et de secours de la Moselle \u2013 Bureau communication &#8211; 3, rue de Bort-les-Orgues \u2013 57070 Saint-Julien-l\u00e8s-Metz.<\/p>\n<p><span style=\"text-align: var(--text-align);\">Donn\u00e9es personnelles :<\/span><\/p>\n<p>Vous pouvez consulter notre site sans nous fournir de donn\u00e9es nominatives.<\/p>\n<h3>Cookies :<\/h3>\n<p>Le site www.sdis57.fr utilise des cookies. Ces fichiers stock\u00e9s sur votre ordinateur nous servent \u00e0 faciliter votre acc\u00e8s aux services que nous proposons. Les cookies du site ne contiennent pas de donn\u00e9es permettant de vous identifier personnellement, et ils ne sont utilis\u00e9s que pour la bonne marche du pr\u00e9sent site. Nous vous informons que vous pouvez vous opposer \u00e0 l&rsquo;enregistrement de ces cookies en configurant votre ordinateur.<\/p>\n<h3>Liens :<\/h3>\n<p>L\u2019existence de liens hypertextes vers d\u2019autres sites Internet ne constitue ni une recommandation, ni une validation de ces sites et de leur contenu par le Sdis de la Moselle. Le contenu et le fonctionnement de ces sites restent sous la seule et enti\u00e8re responsabilit\u00e9 du site concern\u00e9 et le Sdis de la Moselle d\u00e9cline toute responsabilit\u00e9 quant au contenu des informations ou services fournis sur les sites. Par ailleurs, la cr\u00e9ation de liens hypertextes vers le site www.sdis57.fr ne peut \u00eatre faite qu\u2019avec l\u2019autorisation pr\u00e9alable et expresse du Sdis de la Moselle. Le Sdis de la Moselle d\u00e9cline toute responsabilit\u00e9 concernant le contenu des sites contenant ce lien hypertexte.<\/p>\n<h3>Indisponibilit\u00e9 du site :<\/h3>\n<p>Le Sdis de la Moselle s&rsquo;efforce d&rsquo;assurer aux utilisateurs une accessibilit\u00e9 du site \u00e0 tout moment. Le Sdis de la Moselle ne pourra \u00eatre tenu responsable, en cas d&rsquo;indisponibilit\u00e9 du site, pour quelque cause que ce soit. En aucun cas le Sdis de la Moselle ne saura \u00eatre tenu pour responsable des dommages directs et indirects r\u00e9sultant de l&rsquo;acc\u00e8s ou de l&rsquo;usage du site. Aucune indemnit\u00e9 ne peut \u00eatre octroy\u00e9e par le Sdis de la Moselle au titre d\u2019une indisponibilit\u00e9 du site qu\u2019elle soit temporaire ou d\u00e9finitive.<\/p>\n<h3>Droit applicable :<\/h3>\n<p>Les pr\u00e9sentes CGU sont soumises au droit fran\u00e7ais \u00e0 l\u2019exclusion de toute r\u00e8gle de conflit de loi, et tout diff\u00e9rend n&rsquo;ayant pu trouver une issue transactionnelle sera port\u00e9 devant le Tribunal de commerce de Metz.<\/p>\n<p><\/p>\t\t\t\t\t\t\t\t<\/div>\n\t\t\t\t<\/div>\n\t\t\t\t\t<\/div>\n\t\t\t\t<\/div>\n\t\t\t\t<\/div>\n\t\t","protected":false},"excerpt":{"rendered":"<p>Mention l\u00e9gales Le site www.sdis57.fr que vous consultez actuellement est la propri\u00e9t\u00e9 de : Service d\u00e9partemental d\u2019incendie et de secours de la Moselle dont le si\u00e8ge social est situ\u00e9 3, rue de Bort-les-Orgues \u00e0 Saint-Julien-l\u00e8s-Metz, 57070 (siret n\u00b0 285 701 611 00029), (ci-apr\u00e8s \u00ab Sdis de la Moselle \u00bb). H\u00e9bergement :Service d\u00e9partemental d\u2019incendie et de [&hellip;]<\/p>\n","protected":false},"author":1,"featured_media":0,"parent":0,"menu_order":0,"comment_status":"closed","ping_status":"closed","template":"","meta":{"_monsterinsights_skip_tracking":false,"_monsterinsights_sitenote_active":false,"_monsterinsights_sitenote_note":"","_monsterinsights_sitenote_category":0,"footnotes":""},"class_list":["post-1665","page","type-page","status-publish","hentry"],"yoast_head":"<!-- This site is optimized with the Yoast SEO plugin v27.1.1 - https:\/\/yoast.com\/product\/yoast-seo-wordpress\/ -->\n<title>- SDIS 57 - Sapeurs-pompiers de la Moselle<\/title>\n<meta name=\"robots\" content=\"index, follow, max-snippet:-1, max-image-preview:large, max-video-preview:-1\" \/>\n<link rel=\"canonical\" href=\"https:\/\/www.sdis57.fr\/home\/index.php\/mention-legale\/\" \/>\n<meta property=\"og:locale\" content=\"fr_FR\" \/>\n<meta property=\"og:type\" content=\"article\" \/>\n<meta property=\"og:title\" content=\"- SDIS 57 - Sapeurs-pompiers de la Moselle\" \/>\n<meta property=\"og:description\" content=\"Mention l\u00e9gales Le site www.sdis57.fr que vous consultez actuellement est la propri\u00e9t\u00e9 de : Service d\u00e9partemental d\u2019incendie et de secours de la Moselle dont le si\u00e8ge social est situ\u00e9 3, rue de Bort-les-Orgues \u00e0 Saint-Julien-l\u00e8s-Metz, 57070 (siret n\u00b0 285 701 611 00029), (ci-apr\u00e8s \u00ab Sdis de la Moselle \u00bb). H\u00e9bergement :Service d\u00e9partemental d\u2019incendie et de [&hellip;]\" \/>\n<meta property=\"og:url\" content=\"https:\/\/www.sdis57.fr\/home\/index.php\/mention-legale\/\" \/>\n<meta property=\"og:site_name\" content=\"SDIS 57 - Sapeurs-pompiers de la Moselle\" \/>\n<meta property=\"article:publisher\" content=\"https:\/\/www.facebook.com\/sdis57Officiel\" \/>\n<meta property=\"article:modified_time\" content=\"2024-05-21T16:25:42+00:00\" \/>\n<meta name=\"twitter:card\" content=\"summary_large_image\" \/>\n<meta name=\"twitter:site\" content=\"@SDIS57\" \/>\n<meta name=\"twitter:label1\" content=\"Dur\u00e9e de lecture estim\u00e9e\" \/>\n\t<meta name=\"twitter:data1\" content=\"4 minutes\" \/>\n<script type=\"application\/ld+json\" class=\"yoast-schema-graph\">{\"@context\":\"https:\/\/schema.org\",\"@graph\":[{\"@type\":\"WebPage\",\"@id\":\"https:\/\/www.sdis57.fr\/home\/index.php\/mention-legale\/\",\"url\":\"https:\/\/www.sdis57.fr\/home\/index.php\/mention-legale\/\",\"name\":\"- SDIS 57 - Sapeurs-pompiers de la Moselle\",\"isPartOf\":{\"@id\":\"https:\/\/www.sdis57.fr\/home\/#website\"},\"datePublished\":\"2024-03-04T09:28:01+00:00\",\"dateModified\":\"2024-05-21T16:25:42+00:00\",\"inLanguage\":\"fr-FR\",\"potentialAction\":[{\"@type\":\"ReadAction\",\"target\":[\"https:\/\/www.sdis57.fr\/home\/index.php\/mention-legale\/\"]}]},{\"@type\":\"WebSite\",\"@id\":\"https:\/\/www.sdis57.fr\/home\/#website\",\"url\":\"https:\/\/www.sdis57.fr\/home\/\",\"name\":\"SAPEURS-POMPIERS DE LA MOSELLE\",\"description\":\"\u00c0 vos c\u00f4t\u00e9s au quotidien !\",\"publisher\":{\"@id\":\"https:\/\/www.sdis57.fr\/home\/#organization\"},\"potentialAction\":[{\"@type\":\"SearchAction\",\"target\":{\"@type\":\"EntryPoint\",\"urlTemplate\":\"https:\/\/www.sdis57.fr\/home\/?s={search_term_string}\"},\"query-input\":{\"@type\":\"PropertyValueSpecification\",\"valueRequired\":true,\"valueName\":\"search_term_string\"}}],\"inLanguage\":\"fr-FR\"},{\"@type\":\"Organization\",\"@id\":\"https:\/\/www.sdis57.fr\/home\/#organization\",\"name\":\"SAPEURS-POMPIERS DE LA MOSELLE\",\"url\":\"https:\/\/www.sdis57.fr\/home\/\",\"logo\":{\"@type\":\"ImageObject\",\"inLanguage\":\"fr-FR\",\"@id\":\"https:\/\/www.sdis57.fr\/home\/#\/schema\/logo\/image\/\",\"url\":\"https:\/\/www.sdis57.fr\/home\/wp-content\/uploads\/2023\/09\/Logo_SDIS_57.png\",\"contentUrl\":\"https:\/\/www.sdis57.fr\/home\/wp-content\/uploads\/2023\/09\/Logo_SDIS_57.png\",\"width\":970,\"height\":882,\"caption\":\"SAPEURS-POMPIERS DE LA MOSELLE\"},\"image\":{\"@id\":\"https:\/\/www.sdis57.fr\/home\/#\/schema\/logo\/image\/\"},\"sameAs\":[\"https:\/\/www.facebook.com\/sdis57Officiel\",\"https:\/\/x.com\/SDIS57\",\"https:\/\/www.linkedin.com\/company\/sdis-57-sapeurs-pompiers-de-la-moselle\/\"]}]}<\/script>\n<!-- \/ Yoast SEO plugin. -->","yoast_head_json":{"title":"- SDIS 57 - Sapeurs-pompiers de la Moselle","robots":{"index":"index","follow":"follow","max-snippet":"max-snippet:-1","max-image-preview":"max-image-preview:large","max-video-preview":"max-video-preview:-1"},"canonical":"https:\/\/www.sdis57.fr\/home\/index.php\/mention-legale\/","og_locale":"fr_FR","og_type":"article","og_title":"- SDIS 57 - Sapeurs-pompiers de la Moselle","og_description":"Mention l\u00e9gales Le site www.sdis57.fr que vous consultez actuellement est la propri\u00e9t\u00e9 de : Service d\u00e9partemental d\u2019incendie et de secours de la Moselle dont le si\u00e8ge social est situ\u00e9 3, rue de Bort-les-Orgues \u00e0 Saint-Julien-l\u00e8s-Metz, 57070 (siret n\u00b0 285 701 611 00029), (ci-apr\u00e8s \u00ab Sdis de la Moselle \u00bb). H\u00e9bergement :Service d\u00e9partemental d\u2019incendie et de [&hellip;]","og_url":"https:\/\/www.sdis57.fr\/home\/index.php\/mention-legale\/","og_site_name":"SDIS 57 - Sapeurs-pompiers de la Moselle","article_publisher":"https:\/\/www.facebook.com\/sdis57Officiel","article_modified_time":"2024-05-21T16:25:42+00:00","twitter_card":"summary_large_image","twitter_site":"@SDIS57","twitter_misc":{"Dur\u00e9e de lecture estim\u00e9e":"4 minutes"},"schema":{"@context":"https:\/\/schema.org","@graph":[{"@type":"WebPage","@id":"https:\/\/www.sdis57.fr\/home\/index.php\/mention-legale\/","url":"https:\/\/www.sdis57.fr\/home\/index.php\/mention-legale\/","name":"- SDIS 57 - Sapeurs-pompiers de la Moselle","isPartOf":{"@id":"https:\/\/www.sdis57.fr\/home\/#website"},"datePublished":"2024-03-04T09:28:01+00:00","dateModified":"2024-05-21T16:25:42+00:00","inLanguage":"fr-FR","potentialAction":[{"@type":"ReadAction","target":["https:\/\/www.sdis57.fr\/home\/index.php\/mention-legale\/"]}]},{"@type":"WebSite","@id":"https:\/\/www.sdis57.fr\/home\/#website","url":"https:\/\/www.sdis57.fr\/home\/","name":"SAPEURS-POMPIERS DE LA MOSELLE","description":"\u00c0 vos c\u00f4t\u00e9s au quotidien !","publisher":{"@id":"https:\/\/www.sdis57.fr\/home\/#organization"},"potentialAction":[{"@type":"SearchAction","target":{"@type":"EntryPoint","urlTemplate":"https:\/\/www.sdis57.fr\/home\/?s={search_term_string}"},"query-input":{"@type":"PropertyValueSpecification","valueRequired":true,"valueName":"search_term_string"}}],"inLanguage":"fr-FR"},{"@type":"Organization","@id":"https:\/\/www.sdis57.fr\/home\/#organization","name":"SAPEURS-POMPIERS DE LA MOSELLE","url":"https:\/\/www.sdis57.fr\/home\/","logo":{"@type":"ImageObject","inLanguage":"fr-FR","@id":"https:\/\/www.sdis57.fr\/home\/#\/schema\/logo\/image\/","url":"https:\/\/www.sdis57.fr\/home\/wp-content\/uploads\/2023\/09\/Logo_SDIS_57.png","contentUrl":"https:\/\/www.sdis57.fr\/home\/wp-content\/uploads\/2023\/09\/Logo_SDIS_57.png","width":970,"height":882,"caption":"SAPEURS-POMPIERS DE LA MOSELLE"},"image":{"@id":"https:\/\/www.sdis57.fr\/home\/#\/schema\/logo\/image\/"},"sameAs":["https:\/\/www.facebook.com\/sdis57Officiel","https:\/\/x.com\/SDIS57","https:\/\/www.linkedin.com\/company\/sdis-57-sapeurs-pompiers-de-la-moselle\/"]}]}},"_links":{"self":[{"href":"https:\/\/www.sdis57.fr\/home\/index.php\/wp-json\/wp\/v2\/pages\/1665","targetHints":{"allow":["GET"]}}],"collection":[{"href":"https:\/\/www.sdis57.fr\/home\/index.php\/wp-json\/wp\/v2\/pages"}],"about":[{"href":"https:\/\/www.sdis57.fr\/home\/index.php\/wp-json\/wp\/v2\/types\/page"}],"author":[{"embeddable":true,"href":"https:\/\/www.sdis57.fr\/home\/index.php\/wp-json\/wp\/v2\/users\/1"}],"replies":[{"embeddable":true,"href":"https:\/\/www.sdis57.fr\/home\/index.php\/wp-json\/wp\/v2\/comments?post=1665"}],"version-history":[{"count":48,"href":"https:\/\/www.sdis57.fr\/home\/index.php\/wp-json\/wp\/v2\/pages\/1665\/revisions"}],"predecessor-version":[{"id":4675,"href":"https:\/\/www.sdis57.fr\/home\/index.php\/wp-json\/wp\/v2\/pages\/1665\/revisions\/4675"}],"wp:attachment":[{"href":"https:\/\/www.sdis57.fr\/home\/index.php\/wp-json\/wp\/v2\/media?parent=1665"}],"curies":[{"name":"wp","href":"https:\/\/api.w.org\/{rel}","templated":true}]}}