{"id":1710,"date":"2024-03-05T09:33:08","date_gmt":"2024-03-05T08:33:08","guid":{"rendered":"https:\/\/www.sdis57.fr\/home\/?page_id=1710"},"modified":"2025-01-07T09:24:14","modified_gmt":"2025-01-07T09:24:14","slug":"incendie","status":"publish","type":"page","link":"https:\/\/www.sdis57.fr\/home\/index.php\/nos-conseils-prevention\/incendie\/","title":{"rendered":"Incendie"},"content":{"rendered":"\t\t<div data-elementor-type=\"wp-page\" data-elementor-id=\"1710\" class=\"elementor elementor-1710\" data-elementor-post-type=\"page\">\n\t\t\t\t<div class=\"elementor-element elementor-element-b38b843 e-flex e-con-boxed e-con e-parent\" data-id=\"b38b843\" data-element_type=\"container\" data-e-type=\"container\">\n\t\t\t\t\t<div class=\"e-con-inner\">\n\t\t\t\t<div class=\"elementor-element elementor-element-d768e9b elementor-widget elementor-widget-heading\" data-id=\"d768e9b\" data-element_type=\"widget\" data-e-type=\"widget\" data-widget_type=\"heading.default\">\n\t\t\t\t<div class=\"elementor-widget-container\">\n\t\t\t\t\t<h1 class=\"elementor-heading-title elementor-size-default\">Incendie<\/h1>\t\t\t\t<\/div>\n\t\t\t\t<\/div>\n\t\t\t\t\t<\/div>\n\t\t\t\t<\/div>\n\t\t<div class=\"elementor-element elementor-element-12405a1 e-flex e-con-boxed e-con e-parent\" data-id=\"12405a1\" data-element_type=\"container\" data-e-type=\"container\">\n\t\t\t\t\t<div class=\"e-con-inner\">\n\t\t\t\t<div class=\"elementor-element elementor-element-164f0c0 elementor-widget elementor-widget-text-editor\" data-id=\"164f0c0\" data-element_type=\"widget\" data-e-type=\"widget\" data-widget_type=\"text-editor.default\">\n\t\t\t\t<div class=\"elementor-widget-container\">\n\t\t\t\t\t\t\t\t\t<p>En Moselle, la lutte contre les incendies repr\u00e9sente 7% des interventions des sapeurs-pompiers. Il est important de savoir comment r\u00e9agir pour pr\u00e9venir les d\u00e9parts de feu, que ce soit dans une habitation ou en milieu naturel.<\/p>\t\t\t\t\t\t\t\t<\/div>\n\t\t\t\t<\/div>\n\t\t\t\t<div class=\"elementor-element elementor-element-95f7229 elementor-widget elementor-widget-heading\" data-id=\"95f7229\" data-element_type=\"widget\" data-e-type=\"widget\" data-widget_type=\"heading.default\">\n\t\t\t\t<div class=\"elementor-widget-container\">\n\t\t\t\t\t<h2 class=\"elementor-heading-title elementor-size-default\">Feux d'habitation<\/h2>\t\t\t\t<\/div>\n\t\t\t\t<\/div>\n\t\t\t\t\t<\/div>\n\t\t\t\t<\/div>\n\t\t<div class=\"elementor-element elementor-element-6b98ae0 e-flex e-con-boxed e-con e-parent\" data-id=\"6b98ae0\" data-element_type=\"container\" data-e-type=\"container\">\n\t\t\t\t\t<div class=\"e-con-inner\">\n\t\t<div class=\"elementor-element elementor-element-079d8d9 e-con-full e-flex e-con e-child\" data-id=\"079d8d9\" data-element_type=\"container\" data-e-type=\"container\">\n\t\t\t\t<div class=\"elementor-element elementor-element-11ccd54 elementor-widget elementor-widget-text-editor\" data-id=\"11ccd54\" data-element_type=\"widget\" data-e-type=\"widget\" data-widget_type=\"text-editor.default\">\n\t\t\t\t<div class=\"elementor-widget-container\">\n\t\t\t\t\t\t\t\t\t<h4><b>Le d\u00e9tecteur de fum\u00e9e<\/b><\/h4>\n<p>En cas d&rsquo;incendie, les fum\u00e9es se manifestent avant les flammes, et elles sont \u00e0 la fois toxiques et inflammables. La cl\u00e9 pour une r\u00e9action rapide et efficace est d&rsquo;avoir de bons r\u00e9flexes et un d\u00e9tecteur de fum\u00e9e fonctionnel !<\/p>\n<p>Si un incendie se d\u00e9clare pendant votre sommeil, le d\u00e9tecteur de fum\u00e9e vous r\u00e9veillera. S&rsquo;il survient alors que vous \u00eates d\u00e9j\u00e0 \u00e9veill\u00e9, le d\u00e9tecteur vous alerte d\u00e8s le d\u00e9but de l&rsquo;incendie, vous permettant ainsi de r\u00e9agir rapidement. Il est donc crucial d&rsquo;installer des d\u00e9tecteurs de fum\u00e9e dans toutes vos pi\u00e8ces de vie ainsi que dans chacune de vos chambres pour une s\u00e9curit\u00e9 maximale.<\/p>\t\t\t\t\t\t\t\t<\/div>\n\t\t\t\t<\/div>\n\t\t\t\t<div class=\"elementor-element elementor-element-85ccdf5 elementor-widget elementor-widget-slide-compact-player\" data-id=\"85ccdf5\" data-element_type=\"widget\" data-e-type=\"widget\" data-widget_type=\"slide-compact-player.default\">\n\t\t\t\t<div class=\"elementor-widget-container\">\n\t\t\t\t\t\r\n\t\t<div class=\"swp_music_player compact-player\" id=\"mpfe_69de4d379dd4d\" data-autoplay=\"no\" data-playmode=\"repeat\" data-stopplaylistend=\"no\" data-stopsongend=\"no\" data-repeatmode=\"unset\" data-pfs=\"no\">\r\n\t\t\t<div class=\"swp-compact-player\">\r\n\t\t\t\t<div class=\"swp-compact-cover\">\r\n\t\t\t\t\t<div class=\"swp-compact-cover-container\"><\/div>\r\n\t\t\t\t\t<div class=\"compact-cover-overlay album_left_overlay lc_swp_overlay\"><\/div>\r\n\t\t\t\t<\/div>\r\n\r\n\t\t\t\t<div class=\"swp-compact-player-info\">\r\n\t\t\t\t\t<div class=\"compact-info-overlay album_right_overlay lc_swp_overlay\"><\/div>\r\n\t\t\t\t\t<div class=\"compact-info-content\">\r\n\t\t\t\t\t\t<div class=\"compact-info-top mpfe_clearfix\">\r\n\t\t\t\t\t\t\t<div class=\"compact-song-details\">\r\n\t\t\t\t\t\t\t\t<div class=\"current_song_name compact-song-name\"><\/div>\r\n\t\t\t\t\t\t\t\t<div class=\"current_album_name compact-album-name\"><\/div>\r\n\t\t\t\t\t\t\t<\/div>\r\n\t\t\t\t\t\t\t<div class=\"compact-play-pause\">\r\n\t\t\t\t\t\t\t\t<span class=\"compact-play-container \">\r\n\t\t\t\t\t\t\t\t\t<i class=\"fas fa-play player_play compact_play compact-playpause\"><\/i>\r\n\t\t\t\t\t\t\t\t<\/span>\r\n\t\t\t\t\t\t\t\t<span class=\"compact-pause-container\">\r\n\t\t\t\t\t\t\t\t\t<i class=\"fas fa-pause player_pause compact_pause compact-playpause display_none\"><\/i>\r\n\t\t\t\t\t\t\t\t<\/span>\r\n\t\t\t\t\t\t\t<\/div>\r\n\t\t\t\t\t\t<\/div>\r\n\r\n\t\t\t\t\t\t<div class=\"smc_player_progress_bar compact-progress-bar\">\r\n\t\t\t\t\t\t\t<div class=\"player_time_slider_base compact-player-slider-base ltr_direction\"><\/div>\r\n\t\t\t\t\t\t\t<div class=\"player_time_slider compact-player-slider\"><\/div>\r\n\t\t\t\t\t\t<\/div>\r\n\r\n\t\t\t\t\t\t<div class=\"compact-info-bottom mpfe_clearfix\">\r\n\t\t\t\t\t\t\t<div class=\"compact-timeline\">\r\n\t\t\t\t\t\t\t\t<span class=\"song_current_progress compact_current_progress\">0:00<\/span>\r\n\t\t\t\t\t\t\t\t<span class=\"player_duration_sep compact_duration_sep\">&#47;<\/span>\r\n\t\t\t\t\t\t\t\t<span class=\"song_duration compact_song_duration\">0:00<\/span>\r\n\t\t\t\t\t\t\t<\/div>\r\n\r\n\t\t\t\t\t\t\t\r\n\t\t\t\t\t\t\t<div class=\"compact-controls\">\r\n\t\t\t\t\t\t\t\t\r\n\t\t\t\t\t\t\t\t\t\t\t\t\t\t\t\t\t\t\t\t\t\t\t\t<i class=\"fas fa-step-backward mpfe-compact-bottom-player-icon\"><\/i>\r\n\t\t\t\t\t\t\t\t<i class=\"fas fa-step-forward mpfe-compact-bottom-player-icon\"><\/i>\r\n\t\t\t\t\t\t\t\t\t\t\t\t\t\t\t\t\t\t\t\t\t\t\t\t\r\n\r\n\r\n\t\t\t\t\t\t\t\t\t\t\t\t\t\t\t\t<i class=\"fas fa-list-ul mpfe-compact-list\"><\/i>\r\n\t\t\t\t\t\t\t\t\t\t\t\t\t\t\t<\/div>\r\n\t\t\t\t\t\t<\/div>\r\n\t\t\t\t\t<\/div>\r\n\t\t\t\t<\/div>\r\n\t\t\t<\/div>\r\n\r\n\t\t\t\r\n\t\t\t<div class=\"swp-compact-playlist swp-playlist-popup\">\r\n\t\t\t\t\t\t\t\t<div class=\"compact-close-playlist-container\">\r\n\t\t\t\t<\/div>\r\n\t\t\t\t\t\t\t\t<div class=\"swp-compact-playlist-inner-container swp-playlist-popup-inner\">\r\n\t\t\t\t\t<div class=\"swp-compact-playlist-inner\">\r\n\t\t\t\t\t\t\t<div class=\"swp_music_player_entry compact-player-entry mpfe_clearfix\" data-mediafile=\"https:\/\/www.sdis57.fr\/home\/wp-content\/uploads\/2024\/03\/France-Bleu-Lorraine-sengage-en-reecoute-sur-France-Bleu-\u2013-Emission-sur-France-Bleu-Google-Chrome-2024-01-12-11-23-14.mp3\">\r\n\t\t\t<span class=\"swp_song_details player_entry_left compact_player_entry_left\">\r\n\t\t\t\t<span class=\"play_icon compact_player_playlist_under_play\">\r\n\t\t\t\t\t<i class=\"fas fa-play before_song compact_bs compact_bs_play\"><\/i>\r\n\t\t\t\t\t<i class=\"fas fa-pause before_song compact_bs compact_bs_pause display_none\"><\/i>\r\n\t\t\t\t<\/span>\r\n\t\t\t\t<span class=\"player_song_name transition3\" data-albumname=\"France Bleu | 01.03.24\">\r\n\t\t\t\t\tInfo D\u00e9tecteur de fum\u00e9e\t\t\t\t<\/span>\r\n\t\t\t\t\t\t\t<\/span>\r\n\r\n\t\t\t<span class=\"entry_duration mpfe_fix_lh\"><\/span>\t\t\r\n\r\n\t\t\t<span class=\"song_buy_icons compact_buy_icons transition3 mpfe_clearfix mobile_visibility_hide\">\r\n\t\t\t\t\t\t\t\t\t\t\t\t\t\t\t\t\t\t\t<\/span>\r\n\r\n\t\t\t\t\t<\/div>\r\n\r\n\t\t\t\t\t\t\t<\/div>\r\n\t\t\t\t<\/div>\r\n\t\t\t<\/div>\r\n\t\t<\/div>\r\n\r\n\t\t\t\t\t\t<\/div>\n\t\t\t\t<\/div>\n\t\t\t\t<\/div>\n\t\t<div class=\"elementor-element elementor-element-7b08382 e-con-full e-flex e-con e-child\" data-id=\"7b08382\" data-element_type=\"container\" data-e-type=\"container\">\n\t\t\t\t<div class=\"elementor-element elementor-element-c03b81c elementor-widget elementor-widget-text-editor\" data-id=\"c03b81c\" data-element_type=\"widget\" data-e-type=\"widget\" data-widget_type=\"text-editor.default\">\n\t\t\t\t<div class=\"elementor-widget-container\">\n\t\t\t\t\t\t\t\t\t<p><b>R\u00e9agir en cas d&rsquo;incendie domestique<\/b><\/p><ul><li><span style=\"font-size: 20px;\">Composer le 18 ou le 112.<\/span><\/li><li><span style=\"font-size: 20px;\">\u00c9vacuer les lieux en cas d&rsquo;incendie chez soi, en fermant les portes pour ralentir la propagation du feu.<\/span><\/li><li><span style=\"font-size: 20px;\">Rester chez soi si l&rsquo;incendie se d\u00e9clare ailleurs pour \u00e9viter les fum\u00e9es, en se manifestant \u00e0 la fen\u00eatre pour \u00eatre rep\u00e9r\u00e9 par les pompiers.<\/span><\/li><li><span style=\"font-size: 20px;\">Ne jamais utiliser l&rsquo;ascenseur en cas d&rsquo;incendie.<br \/>Prendre des pr\u00e9cautions avant d&rsquo;ouvrir une porte pour v\u00e9rifier la pr\u00e9sence de fum\u00e9e.<\/span><\/li><li><span style=\"font-size: 20px;\">Pr\u00e9parer un plan d&rsquo;\u00e9vacuation et r\u00e9aliser des exercices avec sa famille.<br \/><\/span><\/li><\/ul>\t\t\t\t\t\t\t\t<\/div>\n\t\t\t\t<\/div>\n\t\t\t\t<\/div>\n\t\t\t\t\t<\/div>\n\t\t\t\t<\/div>\n\t\t<div class=\"elementor-element elementor-element-8f4df98 e-flex e-con-boxed e-con e-parent\" data-id=\"8f4df98\" data-element_type=\"container\" data-e-type=\"container\">\n\t\t\t\t\t<div class=\"e-con-inner\">\n\t\t\t\t<div class=\"elementor-element elementor-element-4a1c36d elementor-widget elementor-widget-heading\" data-id=\"4a1c36d\" data-element_type=\"widget\" data-e-type=\"widget\" data-widget_type=\"heading.default\">\n\t\t\t\t<div class=\"elementor-widget-container\">\n\t\t\t\t\t<h2 class=\"elementor-heading-title elementor-size-default\">Feux de for\u00eats et feux d'espaces naturels<\/h2>\t\t\t\t<\/div>\n\t\t\t\t<\/div>\n\t\t\t\t<div class=\"elementor-element elementor-element-8778855 elementor-widget elementor-widget-text-editor\" data-id=\"8778855\" data-element_type=\"widget\" data-e-type=\"widget\" data-widget_type=\"text-editor.default\">\n\t\t\t\t<div class=\"elementor-widget-container\">\n\t\t\t\t\t\t\t\t\t<p>En p\u00e9riode de s\u00e9cheresse les causes de d\u00e9parts de feux en milieu naturel sont nombreuses, c&rsquo;est pourquoi il est n\u00e9cessaire d&rsquo;\u00eatre conscient de son environnement et de suivre quelques consignes.<\/p>\t\t\t\t\t\t\t\t<\/div>\n\t\t\t\t<\/div>\n\t\t\t\t\t<\/div>\n\t\t\t\t<\/div>\n\t\t<div class=\"elementor-element elementor-element-da19dd6 e-flex e-con-boxed e-con e-parent\" data-id=\"da19dd6\" data-element_type=\"container\" data-e-type=\"container\">\n\t\t\t\t\t<div class=\"e-con-inner\">\n\t\t\t\t<div class=\"elementor-element elementor-element-bf3914b elementor-widget elementor-widget-video\" data-id=\"bf3914b\" data-element_type=\"widget\" data-e-type=\"widget\" data-settings=\"{&quot;youtube_url&quot;:&quot;https:\\\/\\\/youtu.be\\\/WjK2agl9V3E&quot;,&quot;video_type&quot;:&quot;youtube&quot;,&quot;controls&quot;:&quot;yes&quot;}\" data-widget_type=\"video.default\">\n\t\t\t\t<div class=\"elementor-widget-container\">\n\t\t\t\t\t\t\t<div class=\"elementor-wrapper elementor-open-inline\">\n\t\t\t<div class=\"elementor-video\"><\/div>\t\t<\/div>\n\t\t\t\t\t\t<\/div>\n\t\t\t\t<\/div>\n\t\t\t\t\t<\/div>\n\t\t\t\t<\/div>\n\t\t<div class=\"elementor-element elementor-element-47c6852 e-flex e-con-boxed e-con e-parent\" data-id=\"47c6852\" data-element_type=\"container\" data-e-type=\"container\">\n\t\t\t\t\t<div class=\"e-con-inner\">\n\t\t\t\t<div class=\"elementor-element elementor-element-b5a192a elementor-widget elementor-widget-heading\" data-id=\"b5a192a\" data-element_type=\"widget\" data-e-type=\"widget\" data-widget_type=\"heading.default\">\n\t\t\t\t<div class=\"elementor-widget-container\">\n\t\t\t\t\t<h5 class=\"elementor-heading-title elementor-size-default\">Besoin de plus d'information ?<\/h5>\t\t\t\t<\/div>\n\t\t\t\t<\/div>\n\t\t\t\t\t<\/div>\n\t\t\t\t<\/div>\n\t\t<div class=\"elementor-element elementor-element-7674ea0 e-flex e-con-boxed e-con e-parent\" data-id=\"7674ea0\" data-element_type=\"container\" data-e-type=\"container\">\n\t\t\t\t\t<div class=\"e-con-inner\">\n\t\t\t\t<div class=\"elementor-element elementor-element-f202673 elementor-widget elementor-widget-button\" data-id=\"f202673\" data-element_type=\"widget\" data-e-type=\"widget\" data-widget_type=\"button.default\">\n\t\t\t\t<div class=\"elementor-widget-container\">\n\t\t\t\t\t\t\t\t\t<div class=\"elementor-button-wrapper\">\n\t\t\t\t\t<a class=\"elementor-button elementor-button-link elementor-size-sm elementor-animation-grow\" href=\"https:\/\/www.sdis57.fr\/home\/index.php\/faq\/\">\n\t\t\t\t\t\t<span class=\"elementor-button-content-wrapper\">\n\t\t\t\t\t\t\t\t\t<span class=\"elementor-button-text\">Contactez-nous<\/span>\n\t\t\t\t\t<\/span>\n\t\t\t\t\t<\/a>\n\t\t\t\t<\/div>\n\t\t\t\t\t\t\t\t<\/div>\n\t\t\t\t<\/div>\n\t\t\t\t\t<\/div>\n\t\t\t\t<\/div>\n\t\t\t\t<\/div>\n\t\t","protected":false},"excerpt":{"rendered":"<p>Incendie En Moselle, la lutte contre les incendies repr\u00e9sente 7% des interventions des sapeurs-pompiers. Il est important de savoir comment r\u00e9agir pour pr\u00e9venir les d\u00e9parts de feu, que ce soit dans une habitation ou en milieu naturel. Feux d&rsquo;habitation Le d\u00e9tecteur de fum\u00e9e En cas d&rsquo;incendie, les fum\u00e9es se manifestent avant les flammes, et elles [&hellip;]<\/p>\n","protected":false},"author":1,"featured_media":0,"parent":452,"menu_order":0,"comment_status":"closed","ping_status":"closed","template":"elementor_header_footer","meta":{"_monsterinsights_skip_tracking":false,"_monsterinsights_sitenote_active":false,"_monsterinsights_sitenote_note":"","_monsterinsights_sitenote_category":0,"footnotes":""},"class_list":["post-1710","page","type-page","status-publish","hentry"],"yoast_head":"<!-- This site is optimized with the Yoast SEO plugin v27.1.1 - https:\/\/yoast.com\/product\/yoast-seo-wordpress\/ -->\n<title>Incendie - SDIS 57 - Sapeurs-pompiers de la Moselle<\/title>\n<meta name=\"description\" content=\"Retrouvez sur cette page, les informations de s\u00e9curit\u00e9 et les actions de pr\u00e9vention permettant d&#039;appr\u00e9hender les incendies.\" \/>\n<meta name=\"robots\" content=\"index, follow, max-snippet:-1, max-image-preview:large, max-video-preview:-1\" \/>\n<link rel=\"canonical\" href=\"https:\/\/www.sdis57.fr\/home\/index.php\/nos-conseils-prevention\/incendie\/\" \/>\n<meta property=\"og:locale\" content=\"fr_FR\" \/>\n<meta property=\"og:type\" content=\"article\" \/>\n<meta property=\"og:title\" content=\"Incendie - SDIS 57 - Sapeurs-pompiers de la Moselle\" \/>\n<meta property=\"og:description\" content=\"Retrouvez sur cette page, les informations de s\u00e9curit\u00e9 et les actions de pr\u00e9vention permettant d&#039;appr\u00e9hender les incendies.\" \/>\n<meta property=\"og:url\" content=\"https:\/\/www.sdis57.fr\/home\/index.php\/nos-conseils-prevention\/incendie\/\" \/>\n<meta property=\"og:site_name\" content=\"SDIS 57 - Sapeurs-pompiers de la Moselle\" \/>\n<meta property=\"article:publisher\" content=\"https:\/\/www.facebook.com\/sdis57Officiel\" \/>\n<meta property=\"article:modified_time\" content=\"2025-01-07T09:24:14+00:00\" \/>\n<meta name=\"twitter:card\" content=\"summary_large_image\" \/>\n<meta name=\"twitter:site\" content=\"@SDIS57\" \/>\n<meta name=\"twitter:label1\" content=\"Dur\u00e9e de lecture estim\u00e9e\" \/>\n\t<meta name=\"twitter:data1\" content=\"4 minutes\" \/>\n<script type=\"application\/ld+json\" class=\"yoast-schema-graph\">{\"@context\":\"https:\/\/schema.org\",\"@graph\":[{\"@type\":\"WebPage\",\"@id\":\"https:\/\/www.sdis57.fr\/home\/index.php\/nos-conseils-prevention\/incendie\/\",\"url\":\"https:\/\/www.sdis57.fr\/home\/index.php\/nos-conseils-prevention\/incendie\/\",\"name\":\"Incendie - SDIS 57 - Sapeurs-pompiers de la Moselle\",\"isPartOf\":{\"@id\":\"https:\/\/www.sdis57.fr\/home\/#website\"},\"datePublished\":\"2024-03-05T08:33:08+00:00\",\"dateModified\":\"2025-01-07T09:24:14+00:00\",\"description\":\"Retrouvez sur cette page, les informations de s\u00e9curit\u00e9 et les actions de pr\u00e9vention permettant d'appr\u00e9hender les incendies.\",\"breadcrumb\":{\"@id\":\"https:\/\/www.sdis57.fr\/home\/index.php\/nos-conseils-prevention\/incendie\/#breadcrumb\"},\"inLanguage\":\"fr-FR\",\"potentialAction\":[{\"@type\":\"ReadAction\",\"target\":[\"https:\/\/www.sdis57.fr\/home\/index.php\/nos-conseils-prevention\/incendie\/\"]}]},{\"@type\":\"BreadcrumbList\",\"@id\":\"https:\/\/www.sdis57.fr\/home\/index.php\/nos-conseils-prevention\/incendie\/#breadcrumb\",\"itemListElement\":[{\"@type\":\"ListItem\",\"position\":1,\"name\":\"Home\",\"item\":\"https:\/\/www.sdis57.fr\/home\/\"},{\"@type\":\"ListItem\",\"position\":2,\"name\":\"Nos conseils pr\u00e9vention\",\"item\":\"https:\/\/www.sdis57.fr\/home\/index.php\/nos-conseils-prevention\/\"},{\"@type\":\"ListItem\",\"position\":3,\"name\":\"Incendie\"}]},{\"@type\":\"WebSite\",\"@id\":\"https:\/\/www.sdis57.fr\/home\/#website\",\"url\":\"https:\/\/www.sdis57.fr\/home\/\",\"name\":\"SAPEURS-POMPIERS DE LA MOSELLE\",\"description\":\"\u00c0 vos c\u00f4t\u00e9s au quotidien !\",\"publisher\":{\"@id\":\"https:\/\/www.sdis57.fr\/home\/#organization\"},\"potentialAction\":[{\"@type\":\"SearchAction\",\"target\":{\"@type\":\"EntryPoint\",\"urlTemplate\":\"https:\/\/www.sdis57.fr\/home\/?s={search_term_string}\"},\"query-input\":{\"@type\":\"PropertyValueSpecification\",\"valueRequired\":true,\"valueName\":\"search_term_string\"}}],\"inLanguage\":\"fr-FR\"},{\"@type\":\"Organization\",\"@id\":\"https:\/\/www.sdis57.fr\/home\/#organization\",\"name\":\"SAPEURS-POMPIERS DE LA MOSELLE\",\"url\":\"https:\/\/www.sdis57.fr\/home\/\",\"logo\":{\"@type\":\"ImageObject\",\"inLanguage\":\"fr-FR\",\"@id\":\"https:\/\/www.sdis57.fr\/home\/#\/schema\/logo\/image\/\",\"url\":\"https:\/\/www.sdis57.fr\/home\/wp-content\/uploads\/2023\/09\/Logo_SDIS_57.png\",\"contentUrl\":\"https:\/\/www.sdis57.fr\/home\/wp-content\/uploads\/2023\/09\/Logo_SDIS_57.png\",\"width\":970,\"height\":882,\"caption\":\"SAPEURS-POMPIERS DE LA MOSELLE\"},\"image\":{\"@id\":\"https:\/\/www.sdis57.fr\/home\/#\/schema\/logo\/image\/\"},\"sameAs\":[\"https:\/\/www.facebook.com\/sdis57Officiel\",\"https:\/\/x.com\/SDIS57\",\"https:\/\/www.linkedin.com\/company\/sdis-57-sapeurs-pompiers-de-la-moselle\/\"]}]}<\/script>\n<!-- \/ Yoast SEO plugin. -->","yoast_head_json":{"title":"Incendie - SDIS 57 - Sapeurs-pompiers de la Moselle","description":"Retrouvez sur cette page, les informations de s\u00e9curit\u00e9 et les actions de pr\u00e9vention permettant d'appr\u00e9hender les incendies.","robots":{"index":"index","follow":"follow","max-snippet":"max-snippet:-1","max-image-preview":"max-image-preview:large","max-video-preview":"max-video-preview:-1"},"canonical":"https:\/\/www.sdis57.fr\/home\/index.php\/nos-conseils-prevention\/incendie\/","og_locale":"fr_FR","og_type":"article","og_title":"Incendie - SDIS 57 - Sapeurs-pompiers de la Moselle","og_description":"Retrouvez sur cette page, les informations de s\u00e9curit\u00e9 et les actions de pr\u00e9vention permettant d'appr\u00e9hender les incendies.","og_url":"https:\/\/www.sdis57.fr\/home\/index.php\/nos-conseils-prevention\/incendie\/","og_site_name":"SDIS 57 - Sapeurs-pompiers de la Moselle","article_publisher":"https:\/\/www.facebook.com\/sdis57Officiel","article_modified_time":"2025-01-07T09:24:14+00:00","twitter_card":"summary_large_image","twitter_site":"@SDIS57","twitter_misc":{"Dur\u00e9e de lecture estim\u00e9e":"4 minutes"},"schema":{"@context":"https:\/\/schema.org","@graph":[{"@type":"WebPage","@id":"https:\/\/www.sdis57.fr\/home\/index.php\/nos-conseils-prevention\/incendie\/","url":"https:\/\/www.sdis57.fr\/home\/index.php\/nos-conseils-prevention\/incendie\/","name":"Incendie - SDIS 57 - Sapeurs-pompiers de la Moselle","isPartOf":{"@id":"https:\/\/www.sdis57.fr\/home\/#website"},"datePublished":"2024-03-05T08:33:08+00:00","dateModified":"2025-01-07T09:24:14+00:00","description":"Retrouvez sur cette page, les informations de s\u00e9curit\u00e9 et les actions de pr\u00e9vention permettant d'appr\u00e9hender les incendies.","breadcrumb":{"@id":"https:\/\/www.sdis57.fr\/home\/index.php\/nos-conseils-prevention\/incendie\/#breadcrumb"},"inLanguage":"fr-FR","potentialAction":[{"@type":"ReadAction","target":["https:\/\/www.sdis57.fr\/home\/index.php\/nos-conseils-prevention\/incendie\/"]}]},{"@type":"BreadcrumbList","@id":"https:\/\/www.sdis57.fr\/home\/index.php\/nos-conseils-prevention\/incendie\/#breadcrumb","itemListElement":[{"@type":"ListItem","position":1,"name":"Home","item":"https:\/\/www.sdis57.fr\/home\/"},{"@type":"ListItem","position":2,"name":"Nos conseils pr\u00e9vention","item":"https:\/\/www.sdis57.fr\/home\/index.php\/nos-conseils-prevention\/"},{"@type":"ListItem","position":3,"name":"Incendie"}]},{"@type":"WebSite","@id":"https:\/\/www.sdis57.fr\/home\/#website","url":"https:\/\/www.sdis57.fr\/home\/","name":"SAPEURS-POMPIERS DE LA MOSELLE","description":"\u00c0 vos c\u00f4t\u00e9s au quotidien !","publisher":{"@id":"https:\/\/www.sdis57.fr\/home\/#organization"},"potentialAction":[{"@type":"SearchAction","target":{"@type":"EntryPoint","urlTemplate":"https:\/\/www.sdis57.fr\/home\/?s={search_term_string}"},"query-input":{"@type":"PropertyValueSpecification","valueRequired":true,"valueName":"search_term_string"}}],"inLanguage":"fr-FR"},{"@type":"Organization","@id":"https:\/\/www.sdis57.fr\/home\/#organization","name":"SAPEURS-POMPIERS DE LA MOSELLE","url":"https:\/\/www.sdis57.fr\/home\/","logo":{"@type":"ImageObject","inLanguage":"fr-FR","@id":"https:\/\/www.sdis57.fr\/home\/#\/schema\/logo\/image\/","url":"https:\/\/www.sdis57.fr\/home\/wp-content\/uploads\/2023\/09\/Logo_SDIS_57.png","contentUrl":"https:\/\/www.sdis57.fr\/home\/wp-content\/uploads\/2023\/09\/Logo_SDIS_57.png","width":970,"height":882,"caption":"SAPEURS-POMPIERS DE LA MOSELLE"},"image":{"@id":"https:\/\/www.sdis57.fr\/home\/#\/schema\/logo\/image\/"},"sameAs":["https:\/\/www.facebook.com\/sdis57Officiel","https:\/\/x.com\/SDIS57","https:\/\/www.linkedin.com\/company\/sdis-57-sapeurs-pompiers-de-la-moselle\/"]}]}},"_links":{"self":[{"href":"https:\/\/www.sdis57.fr\/home\/index.php\/wp-json\/wp\/v2\/pages\/1710","targetHints":{"allow":["GET"]}}],"collection":[{"href":"https:\/\/www.sdis57.fr\/home\/index.php\/wp-json\/wp\/v2\/pages"}],"about":[{"href":"https:\/\/www.sdis57.fr\/home\/index.php\/wp-json\/wp\/v2\/types\/page"}],"author":[{"embeddable":true,"href":"https:\/\/www.sdis57.fr\/home\/index.php\/wp-json\/wp\/v2\/users\/1"}],"replies":[{"embeddable":true,"href":"https:\/\/www.sdis57.fr\/home\/index.php\/wp-json\/wp\/v2\/comments?post=1710"}],"version-history":[{"count":82,"href":"https:\/\/www.sdis57.fr\/home\/index.php\/wp-json\/wp\/v2\/pages\/1710\/revisions"}],"predecessor-version":[{"id":5270,"href":"https:\/\/www.sdis57.fr\/home\/index.php\/wp-json\/wp\/v2\/pages\/1710\/revisions\/5270"}],"up":[{"embeddable":true,"href":"https:\/\/www.sdis57.fr\/home\/index.php\/wp-json\/wp\/v2\/pages\/452"}],"wp:attachment":[{"href":"https:\/\/www.sdis57.fr\/home\/index.php\/wp-json\/wp\/v2\/media?parent=1710"}],"curies":[{"name":"wp","href":"https:\/\/api.w.org\/{rel}","templated":true}]}}