{"id":248,"date":"2024-01-03T14:31:41","date_gmt":"2024-01-03T13:31:41","guid":{"rendered":"https:\/\/www.sdis57.fr\/home\/?page_id=248"},"modified":"2026-03-25T14:48:56","modified_gmt":"2026-03-25T14:48:56","slug":"un-employeur","status":"publish","type":"page","link":"https:\/\/www.sdis57.fr\/home\/index.php\/un-employeur\/","title":{"rendered":"Employeur de sapeur-pompier"},"content":{"rendered":"\t\t<div data-elementor-type=\"wp-page\" data-elementor-id=\"248\" class=\"elementor elementor-248\" data-elementor-post-type=\"page\">\n\t\t\t\t<div class=\"elementor-element elementor-element-b38b843 e-flex e-con-boxed e-con e-parent\" data-id=\"b38b843\" data-element_type=\"container\" data-e-type=\"container\">\n\t\t\t\t\t<div class=\"e-con-inner\">\n\t\t\t\t<div class=\"elementor-element elementor-element-d01acb9 elementor-widget elementor-widget-heading\" data-id=\"d01acb9\" data-element_type=\"widget\" data-e-type=\"widget\" data-widget_type=\"heading.default\">\n\t\t\t\t<div class=\"elementor-widget-container\">\n\t\t\t\t\t<h2 class=\"elementor-heading-title elementor-size-default\">Partenariat SDIS 57 et employeurs <br>\nde sapeurs-pompiers<\/h2>\t\t\t\t<\/div>\n\t\t\t\t<\/div>\n\t\t\t\t<div class=\"elementor-element elementor-element-323239c elementor-widget elementor-widget-text-editor\" data-id=\"323239c\" data-element_type=\"widget\" data-e-type=\"widget\" data-widget_type=\"text-editor.default\">\n\t\t\t\t<div class=\"elementor-widget-container\">\n\t\t\t\t\t\t\t\t\t<p>\u00catre sapeur-pompier volontaire et exercer une activit\u00e9 professionnelle n&rsquo;est pas incompatible.<\/p>\t\t\t\t\t\t\t\t<\/div>\n\t\t\t\t<\/div>\n\t\t\t\t\t<\/div>\n\t\t\t\t<\/div>\n\t\t<div class=\"elementor-element elementor-element-df7107c e-flex e-con-boxed e-con e-parent\" data-id=\"df7107c\" data-element_type=\"container\" data-e-type=\"container\">\n\t\t\t\t\t<div class=\"e-con-inner\">\n\t\t<div class=\"elementor-element elementor-element-ce8f71b e-con-full e-flex e-con e-child\" data-id=\"ce8f71b\" data-element_type=\"container\" data-e-type=\"container\">\n\t\t\t\t<div class=\"elementor-element elementor-element-39479cc elementor-widget elementor-widget-text-editor\" data-id=\"39479cc\" data-element_type=\"widget\" data-e-type=\"widget\" data-widget_type=\"text-editor.default\">\n\t\t\t\t<div class=\"elementor-widget-container\">\n\t\t\t\t\t\t\t\t\t<p>Des conventions peuvent \u00eatre \u00e9tablies entre le SDIS 57 et des employeurs mosellans. Elles permettent aux salari\u00e9s ayant un engagement de sapeur-pompier volontaire de disposer d\u2019une disponibilit\u00e9 op\u00e9rationnelle et de pouvoir se former.<\/p><p>Ces conventions<span style=\"text-align: var(--text-align);\">\u00a0<\/span><span style=\"text-align: var(--text-align);\">autorisent son absence pendant le temps de travail et permet<\/span><span style=\"text-align: var(--text-align);\">\u00a0d\u2019assurer la continuit\u00e9 des secours de proximit\u00e9. Les employeurs peuvent ainsi compter sur un salari\u00e9 form\u00e9 en secourisme et au risque incendie.<\/span><\/p><p><span style=\"text-align: var(--text-align);\">Elles repr\u00e9sentent \u00e9galement un autre avantage pour les employeurs qui peuvent en contrepartie b\u00e9n\u00e9ficier d&rsquo;avantages fiscaux et de compensations financi\u00e8res.<\/span><\/p><p>En 2023, Le SDIS de la Moselle compte 444 conventions aupr\u00e8s d&#8217;employeurs priv\u00e9s ou de collectivit\u00e9s b\u00e9n\u00e9ficiant \u00e0 907 sapeurs-pompiers volontaires.<\/p>\t\t\t\t\t\t\t\t<\/div>\n\t\t\t\t<\/div>\n\t\t\t\t<div class=\"elementor-element elementor-element-f5c73e5 elementor-align-left elementor-widget elementor-widget-button\" data-id=\"f5c73e5\" data-element_type=\"widget\" data-e-type=\"widget\" data-widget_type=\"button.default\">\n\t\t\t\t<div class=\"elementor-widget-container\">\n\t\t\t\t\t\t\t\t\t<div class=\"elementor-button-wrapper\">\n\t\t\t\t\t<a class=\"elementor-button elementor-button-link elementor-size-sm\" href=\"https:\/\/www.sdis57.fr\/home\/index.php\/convention-employeur-acces-employeur\/\" target=\"_blank\">\n\t\t\t\t\t\t<span class=\"elementor-button-content-wrapper\">\n\t\t\t\t\t\t\t\t\t<span class=\"elementor-button-text\">Acc\u00e8s employeur<\/span>\n\t\t\t\t\t<\/span>\n\t\t\t\t\t<\/a>\n\t\t\t\t<\/div>\n\t\t\t\t\t\t\t\t<\/div>\n\t\t\t\t<\/div>\n\t\t\t\t<div class=\"elementor-element elementor-element-50765ac elementor-align-center elementor-widget elementor-widget-button\" data-id=\"50765ac\" data-element_type=\"widget\" data-e-type=\"widget\" data-widget_type=\"button.default\">\n\t\t\t\t<div class=\"elementor-widget-container\">\n\t\t\t\t\t\t\t\t\t<div class=\"elementor-button-wrapper\">\n\t\t\t\t\t<a class=\"elementor-button elementor-button-link elementor-size-sm\" href=\"https:\/\/www.sdis57.fr\/home\/wp-content\/uploads\/2025\/03\/01-Guide-convention-employeur-partenaire.pdf\" target=\"_blank\">\n\t\t\t\t\t\t<span class=\"elementor-button-content-wrapper\">\n\t\t\t\t\t\t\t\t\t<span class=\"elementor-button-text\">Guide de la convention employeur<\/span>\n\t\t\t\t\t<\/span>\n\t\t\t\t\t<\/a>\n\t\t\t\t<\/div>\n\t\t\t\t\t\t\t\t<\/div>\n\t\t\t\t<\/div>\n\t\t\t\t<div class=\"elementor-element elementor-element-a01e825 elementor-widget-divider--view-line elementor-widget elementor-widget-divider\" data-id=\"a01e825\" data-element_type=\"widget\" data-e-type=\"widget\" data-widget_type=\"divider.default\">\n\t\t\t\t<div class=\"elementor-widget-container\">\n\t\t\t\t\t\t\t<div class=\"elementor-divider\">\n\t\t\t<span class=\"elementor-divider-separator\">\n\t\t\t\t\t\t<\/span>\n\t\t<\/div>\n\t\t\t\t\t\t<\/div>\n\t\t\t\t<\/div>\n\t\t\t\t<div class=\"elementor-element elementor-element-25684fe elementor-widget elementor-widget-button\" data-id=\"25684fe\" data-element_type=\"widget\" data-e-type=\"widget\" data-widget_type=\"button.default\">\n\t\t\t\t<div class=\"elementor-widget-container\">\n\t\t\t\t\t\t\t\t\t<div class=\"elementor-button-wrapper\">\n\t\t\t\t\t<a class=\"elementor-button elementor-button-link elementor-size-sm\" href=\"https:\/\/www.sdis57.fr\/home\/wp-content\/uploads\/2025\/10\/00-Convention-employeur-2025-SPECIMEN.pdf\" target=\"_blank\">\n\t\t\t\t\t\t<span class=\"elementor-button-content-wrapper\">\n\t\t\t\t\t\t\t\t\t<span class=\"elementor-button-text\">Convention employeur<\/span>\n\t\t\t\t\t<\/span>\n\t\t\t\t\t<\/a>\n\t\t\t\t<\/div>\n\t\t\t\t\t\t\t\t<\/div>\n\t\t\t\t<\/div>\n\t\t\t\t<div class=\"elementor-element elementor-element-7bd780f elementor-widget elementor-widget-button\" data-id=\"7bd780f\" data-element_type=\"widget\" data-e-type=\"widget\" data-widget_type=\"button.default\">\n\t\t\t\t<div class=\"elementor-widget-container\">\n\t\t\t\t\t\t\t\t\t<div class=\"elementor-button-wrapper\">\n\t\t\t\t\t<a class=\"elementor-button elementor-button-link elementor-size-sm\" href=\"https:\/\/www.sdis57.fr\/home\/wp-content\/uploads\/2025\/09\/A1-Modalites-mise-en-place-convention-employeur-SPECIMEN.pdf\" target=\"_blank\">\n\t\t\t\t\t\t<span class=\"elementor-button-content-wrapper\">\n\t\t\t\t\t\t\t\t\t<span class=\"elementor-button-text\">Annexe 1 - Modalit\u00e9s de mise en place de la convention employeur<\/span>\n\t\t\t\t\t<\/span>\n\t\t\t\t\t<\/a>\n\t\t\t\t<\/div>\n\t\t\t\t\t\t\t\t<\/div>\n\t\t\t\t<\/div>\n\t\t\t\t<div class=\"elementor-element elementor-element-78e6e65 elementor-align-center elementor-widget elementor-widget-button\" data-id=\"78e6e65\" data-element_type=\"widget\" data-e-type=\"widget\" data-widget_type=\"button.default\">\n\t\t\t\t<div class=\"elementor-widget-container\">\n\t\t\t\t\t\t\t\t\t<div class=\"elementor-button-wrapper\">\n\t\t\t\t\t<a class=\"elementor-button elementor-button-link elementor-size-sm\" href=\"https:\/\/www.sdis57.fr\/home\/wp-content\/uploads\/2025\/09\/A2-Convention-disponibilite-pour-formation-spv-SPECIMEN.pdf\" target=\"_blank\">\n\t\t\t\t\t\t<span class=\"elementor-button-content-wrapper\">\n\t\t\t\t\t\t\t\t\t<span class=\"elementor-button-text\">Annexe 2 - Convention de disponibilit\u00e9 pour formation<\/span>\n\t\t\t\t\t<\/span>\n\t\t\t\t\t<\/a>\n\t\t\t\t<\/div>\n\t\t\t\t\t\t\t\t<\/div>\n\t\t\t\t<\/div>\n\t\t\t\t<div class=\"elementor-element elementor-element-b0c9bd2 elementor-align-center elementor-widget elementor-widget-button\" data-id=\"b0c9bd2\" data-element_type=\"widget\" data-e-type=\"widget\" data-widget_type=\"button.default\">\n\t\t\t\t<div class=\"elementor-widget-container\">\n\t\t\t\t\t\t\t\t\t<div class=\"elementor-button-wrapper\">\n\t\t\t\t\t<a class=\"elementor-button elementor-button-link elementor-size-sm\" href=\"https:\/\/www.sdis57.fr\/home\/wp-content\/uploads\/2025\/09\/A3-Demande-auto-dispo-operationnelle-garde-programmee-SPECIMEN.pdf\" target=\"_blank\">\n\t\t\t\t\t\t<span class=\"elementor-button-content-wrapper\">\n\t\t\t\t\t\t\t\t\t<span class=\"elementor-button-text\">Annexe 3 - Autorisation de disponibilit\u00e9 op\u00e9rationnelle en garde programm\u00e9e<\/span>\n\t\t\t\t\t<\/span>\n\t\t\t\t\t<\/a>\n\t\t\t\t<\/div>\n\t\t\t\t\t\t\t\t<\/div>\n\t\t\t\t<\/div>\n\t\t\t\t<div class=\"elementor-element elementor-element-1b72877 elementor-align-center elementor-widget elementor-widget-button\" data-id=\"1b72877\" data-element_type=\"widget\" data-e-type=\"widget\" data-widget_type=\"button.default\">\n\t\t\t\t<div class=\"elementor-widget-container\">\n\t\t\t\t\t\t\t\t\t<div class=\"elementor-button-wrapper\">\n\t\t\t\t\t<a class=\"elementor-button elementor-button-link elementor-size-sm\" href=\"https:\/\/www.sdis57.fr\/home\/wp-content\/uploads\/2025\/09\/A4-Demande-subrogation-SPECIMEN.pdf\" target=\"_blank\">\n\t\t\t\t\t\t<span class=\"elementor-button-content-wrapper\">\n\t\t\t\t\t\t\t\t\t<span class=\"elementor-button-text\">Annexe 4 - Demande de subrogation<\/span>\n\t\t\t\t\t<\/span>\n\t\t\t\t\t<\/a>\n\t\t\t\t<\/div>\n\t\t\t\t\t\t\t\t<\/div>\n\t\t\t\t<\/div>\n\t\t\t\t<\/div>\n\t\t<div class=\"elementor-element elementor-element-1eb7961 e-con-full e-flex e-con e-child\" data-id=\"1eb7961\" data-element_type=\"container\" data-e-type=\"container\">\n\t\t\t\t<div class=\"elementor-element elementor-element-e64ffe3 elementor-widget elementor-widget-image\" data-id=\"e64ffe3\" data-element_type=\"widget\" data-e-type=\"widget\" data-widget_type=\"image.default\">\n\t\t\t\t<div class=\"elementor-widget-container\">\n\t\t\t\t\t\t\t\t\t\t\t\t\t\t\t<img fetchpriority=\"high\" decoding=\"async\" width=\"334\" height=\"332\" src=\"https:\/\/www.sdis57.fr\/home\/wp-content\/uploads\/2025\/02\/LOGO-EMPLOYEUR-PARTENAIRES.png\" class=\"attachment-large size-large wp-image-7171\" alt=\"\" srcset=\"https:\/\/www.sdis57.fr\/home\/wp-content\/uploads\/2025\/02\/LOGO-EMPLOYEUR-PARTENAIRES.png 334w, https:\/\/www.sdis57.fr\/home\/wp-content\/uploads\/2025\/02\/LOGO-EMPLOYEUR-PARTENAIRES-300x298.png 300w, https:\/\/www.sdis57.fr\/home\/wp-content\/uploads\/2025\/02\/LOGO-EMPLOYEUR-PARTENAIRES-150x150.png 150w\" sizes=\"(max-width: 334px) 100vw, 334px\" \/>\t\t\t\t\t\t\t\t\t\t\t\t\t\t\t<\/div>\n\t\t\t\t<\/div>\n\t\t\t\t<\/div>\n\t\t\t\t\t<\/div>\n\t\t\t\t<\/div>\n\t\t<div class=\"elementor-element elementor-element-8b51b38 e-flex e-con-boxed e-con e-parent\" data-id=\"8b51b38\" data-element_type=\"container\" data-e-type=\"container\">\n\t\t\t\t\t<div class=\"e-con-inner\">\n\t\t\t\t<div class=\"elementor-element elementor-element-06d7633 elementor-widget elementor-widget-heading\" data-id=\"06d7633\" data-element_type=\"widget\" data-e-type=\"widget\" data-widget_type=\"heading.default\">\n\t\t\t\t<div class=\"elementor-widget-container\">\n\t\t\t\t\t<h5 class=\"elementor-heading-title elementor-size-default\">Besoin de plus d'information ?<\/h5>\t\t\t\t<\/div>\n\t\t\t\t<\/div>\n\t\t\t\t<div class=\"elementor-element elementor-element-7120c8c elementor-widget elementor-widget-button\" data-id=\"7120c8c\" data-element_type=\"widget\" data-e-type=\"widget\" data-widget_type=\"button.default\">\n\t\t\t\t<div class=\"elementor-widget-container\">\n\t\t\t\t\t\t\t\t\t<div class=\"elementor-button-wrapper\">\n\t\t\t\t\t<a class=\"elementor-button elementor-button-link elementor-size-sm\" href=\"https:\/\/www.sdis57.fr\/home\/index.php\/faq\/\">\n\t\t\t\t\t\t<span class=\"elementor-button-content-wrapper\">\n\t\t\t\t\t\t\t\t\t<span class=\"elementor-button-text\">Contactez-nous<\/span>\n\t\t\t\t\t<\/span>\n\t\t\t\t\t<\/a>\n\t\t\t\t<\/div>\n\t\t\t\t\t\t\t\t<\/div>\n\t\t\t\t<\/div>\n\t\t\t\t\t<\/div>\n\t\t\t\t<\/div>\n\t\t\t\t<\/div>\n\t\t","protected":false},"excerpt":{"rendered":"<p>Partenariat SDIS 57 et employeurs de sapeurs-pompiers \u00catre sapeur-pompier volontaire et exercer une activit\u00e9 professionnelle n&rsquo;est pas incompatible. Des conventions peuvent \u00eatre \u00e9tablies entre le SDIS 57 et des employeurs mosellans. Elles permettent aux salari\u00e9s ayant un engagement de sapeur-pompier volontaire de disposer d\u2019une disponibilit\u00e9 op\u00e9rationnelle et de pouvoir se former. Ces conventions\u00a0autorisent son absence [&hellip;]<\/p>\n","protected":false},"author":1,"featured_media":0,"parent":0,"menu_order":0,"comment_status":"closed","ping_status":"closed","template":"elementor_header_footer","meta":{"_monsterinsights_skip_tracking":false,"_monsterinsights_sitenote_active":false,"_monsterinsights_sitenote_note":"","_monsterinsights_sitenote_category":0,"footnotes":""},"class_list":["post-248","page","type-page","status-publish","hentry"],"yoast_head":"<!-- This site is optimized with the Yoast SEO plugin v27.1.1 - https:\/\/yoast.com\/product\/yoast-seo-wordpress\/ -->\n<title>Employeur de sapeur-pompier - SDIS 57 - Sapeurs-pompiers de la Moselle<\/title>\n<meta name=\"description\" content=\"Retrouvez les informations \u00e0 conna\u00eetre si vous \u00eates employeur et souhaitez recruter un sapeur-pompier volontaire.\" \/>\n<meta name=\"robots\" content=\"index, follow, max-snippet:-1, max-image-preview:large, max-video-preview:-1\" \/>\n<link rel=\"canonical\" href=\"https:\/\/www.sdis57.fr\/home\/index.php\/un-employeur\/\" \/>\n<meta property=\"og:locale\" content=\"fr_FR\" \/>\n<meta property=\"og:type\" content=\"article\" \/>\n<meta property=\"og:title\" content=\"Employeur de sapeur-pompier - SDIS 57 - Sapeurs-pompiers de la Moselle\" \/>\n<meta property=\"og:description\" content=\"Retrouvez les informations \u00e0 conna\u00eetre si vous \u00eates employeur et souhaitez recruter un sapeur-pompier volontaire.\" \/>\n<meta property=\"og:url\" content=\"https:\/\/www.sdis57.fr\/home\/index.php\/un-employeur\/\" \/>\n<meta property=\"og:site_name\" content=\"SDIS 57 - Sapeurs-pompiers de la Moselle\" \/>\n<meta property=\"article:publisher\" content=\"https:\/\/www.facebook.com\/sdis57Officiel\" \/>\n<meta property=\"article:modified_time\" content=\"2026-03-25T14:48:56+00:00\" \/>\n<meta property=\"og:image\" content=\"https:\/\/www.sdis57.fr\/home\/wp-content\/uploads\/2025\/02\/LOGO-EMPLOYEUR-PARTENAIRES.png\" \/>\n\t<meta property=\"og:image:width\" content=\"334\" \/>\n\t<meta property=\"og:image:height\" content=\"332\" \/>\n\t<meta property=\"og:image:type\" content=\"image\/png\" \/>\n<meta name=\"twitter:card\" content=\"summary_large_image\" \/>\n<meta name=\"twitter:site\" content=\"@SDIS57\" \/>\n<meta name=\"twitter:label1\" content=\"Dur\u00e9e de lecture estim\u00e9e\" \/>\n\t<meta name=\"twitter:data1\" content=\"1 minute\" \/>\n<script type=\"application\/ld+json\" class=\"yoast-schema-graph\">{\"@context\":\"https:\/\/schema.org\",\"@graph\":[{\"@type\":\"WebPage\",\"@id\":\"https:\/\/www.sdis57.fr\/home\/index.php\/un-employeur\/\",\"url\":\"https:\/\/www.sdis57.fr\/home\/index.php\/un-employeur\/\",\"name\":\"Employeur de sapeur-pompier - SDIS 57 - Sapeurs-pompiers de la Moselle\",\"isPartOf\":{\"@id\":\"https:\/\/www.sdis57.fr\/home\/#website\"},\"primaryImageOfPage\":{\"@id\":\"https:\/\/www.sdis57.fr\/home\/index.php\/un-employeur\/#primaryimage\"},\"image\":{\"@id\":\"https:\/\/www.sdis57.fr\/home\/index.php\/un-employeur\/#primaryimage\"},\"thumbnailUrl\":\"https:\/\/www.sdis57.fr\/home\/wp-content\/uploads\/2025\/02\/LOGO-EMPLOYEUR-PARTENAIRES.png\",\"datePublished\":\"2024-01-03T13:31:41+00:00\",\"dateModified\":\"2026-03-25T14:48:56+00:00\",\"description\":\"Retrouvez les informations \u00e0 conna\u00eetre si vous \u00eates employeur et souhaitez recruter un sapeur-pompier volontaire.\",\"breadcrumb\":{\"@id\":\"https:\/\/www.sdis57.fr\/home\/index.php\/un-employeur\/#breadcrumb\"},\"inLanguage\":\"fr-FR\",\"potentialAction\":[{\"@type\":\"ReadAction\",\"target\":[\"https:\/\/www.sdis57.fr\/home\/index.php\/un-employeur\/\"]}]},{\"@type\":\"ImageObject\",\"inLanguage\":\"fr-FR\",\"@id\":\"https:\/\/www.sdis57.fr\/home\/index.php\/un-employeur\/#primaryimage\",\"url\":\"https:\/\/www.sdis57.fr\/home\/wp-content\/uploads\/2025\/02\/LOGO-EMPLOYEUR-PARTENAIRES.png\",\"contentUrl\":\"https:\/\/www.sdis57.fr\/home\/wp-content\/uploads\/2025\/02\/LOGO-EMPLOYEUR-PARTENAIRES.png\",\"width\":334,\"height\":332},{\"@type\":\"BreadcrumbList\",\"@id\":\"https:\/\/www.sdis57.fr\/home\/index.php\/un-employeur\/#breadcrumb\",\"itemListElement\":[{\"@type\":\"ListItem\",\"position\":1,\"name\":\"Home\",\"item\":\"https:\/\/www.sdis57.fr\/home\/\"},{\"@type\":\"ListItem\",\"position\":2,\"name\":\"Employeur de sapeur-pompier\"}]},{\"@type\":\"WebSite\",\"@id\":\"https:\/\/www.sdis57.fr\/home\/#website\",\"url\":\"https:\/\/www.sdis57.fr\/home\/\",\"name\":\"SAPEURS-POMPIERS DE LA MOSELLE\",\"description\":\"\u00c0 vos c\u00f4t\u00e9s au quotidien !\",\"publisher\":{\"@id\":\"https:\/\/www.sdis57.fr\/home\/#organization\"},\"potentialAction\":[{\"@type\":\"SearchAction\",\"target\":{\"@type\":\"EntryPoint\",\"urlTemplate\":\"https:\/\/www.sdis57.fr\/home\/?s={search_term_string}\"},\"query-input\":{\"@type\":\"PropertyValueSpecification\",\"valueRequired\":true,\"valueName\":\"search_term_string\"}}],\"inLanguage\":\"fr-FR\"},{\"@type\":\"Organization\",\"@id\":\"https:\/\/www.sdis57.fr\/home\/#organization\",\"name\":\"SAPEURS-POMPIERS DE LA MOSELLE\",\"url\":\"https:\/\/www.sdis57.fr\/home\/\",\"logo\":{\"@type\":\"ImageObject\",\"inLanguage\":\"fr-FR\",\"@id\":\"https:\/\/www.sdis57.fr\/home\/#\/schema\/logo\/image\/\",\"url\":\"https:\/\/www.sdis57.fr\/home\/wp-content\/uploads\/2023\/09\/Logo_SDIS_57.png\",\"contentUrl\":\"https:\/\/www.sdis57.fr\/home\/wp-content\/uploads\/2023\/09\/Logo_SDIS_57.png\",\"width\":970,\"height\":882,\"caption\":\"SAPEURS-POMPIERS DE LA MOSELLE\"},\"image\":{\"@id\":\"https:\/\/www.sdis57.fr\/home\/#\/schema\/logo\/image\/\"},\"sameAs\":[\"https:\/\/www.facebook.com\/sdis57Officiel\",\"https:\/\/x.com\/SDIS57\",\"https:\/\/www.linkedin.com\/company\/sdis-57-sapeurs-pompiers-de-la-moselle\/\"]}]}<\/script>\n<!-- \/ Yoast SEO plugin. -->","yoast_head_json":{"title":"Employeur de sapeur-pompier - SDIS 57 - Sapeurs-pompiers de la Moselle","description":"Retrouvez les informations \u00e0 conna\u00eetre si vous \u00eates employeur et souhaitez recruter un sapeur-pompier volontaire.","robots":{"index":"index","follow":"follow","max-snippet":"max-snippet:-1","max-image-preview":"max-image-preview:large","max-video-preview":"max-video-preview:-1"},"canonical":"https:\/\/www.sdis57.fr\/home\/index.php\/un-employeur\/","og_locale":"fr_FR","og_type":"article","og_title":"Employeur de sapeur-pompier - SDIS 57 - Sapeurs-pompiers de la Moselle","og_description":"Retrouvez les informations \u00e0 conna\u00eetre si vous \u00eates employeur et souhaitez recruter un sapeur-pompier volontaire.","og_url":"https:\/\/www.sdis57.fr\/home\/index.php\/un-employeur\/","og_site_name":"SDIS 57 - Sapeurs-pompiers de la Moselle","article_publisher":"https:\/\/www.facebook.com\/sdis57Officiel","article_modified_time":"2026-03-25T14:48:56+00:00","og_image":[{"width":334,"height":332,"url":"https:\/\/www.sdis57.fr\/home\/wp-content\/uploads\/2025\/02\/LOGO-EMPLOYEUR-PARTENAIRES.png","type":"image\/png"}],"twitter_card":"summary_large_image","twitter_site":"@SDIS57","twitter_misc":{"Dur\u00e9e de lecture estim\u00e9e":"1 minute"},"schema":{"@context":"https:\/\/schema.org","@graph":[{"@type":"WebPage","@id":"https:\/\/www.sdis57.fr\/home\/index.php\/un-employeur\/","url":"https:\/\/www.sdis57.fr\/home\/index.php\/un-employeur\/","name":"Employeur de sapeur-pompier - SDIS 57 - Sapeurs-pompiers de la Moselle","isPartOf":{"@id":"https:\/\/www.sdis57.fr\/home\/#website"},"primaryImageOfPage":{"@id":"https:\/\/www.sdis57.fr\/home\/index.php\/un-employeur\/#primaryimage"},"image":{"@id":"https:\/\/www.sdis57.fr\/home\/index.php\/un-employeur\/#primaryimage"},"thumbnailUrl":"https:\/\/www.sdis57.fr\/home\/wp-content\/uploads\/2025\/02\/LOGO-EMPLOYEUR-PARTENAIRES.png","datePublished":"2024-01-03T13:31:41+00:00","dateModified":"2026-03-25T14:48:56+00:00","description":"Retrouvez les informations \u00e0 conna\u00eetre si vous \u00eates employeur et souhaitez recruter un sapeur-pompier volontaire.","breadcrumb":{"@id":"https:\/\/www.sdis57.fr\/home\/index.php\/un-employeur\/#breadcrumb"},"inLanguage":"fr-FR","potentialAction":[{"@type":"ReadAction","target":["https:\/\/www.sdis57.fr\/home\/index.php\/un-employeur\/"]}]},{"@type":"ImageObject","inLanguage":"fr-FR","@id":"https:\/\/www.sdis57.fr\/home\/index.php\/un-employeur\/#primaryimage","url":"https:\/\/www.sdis57.fr\/home\/wp-content\/uploads\/2025\/02\/LOGO-EMPLOYEUR-PARTENAIRES.png","contentUrl":"https:\/\/www.sdis57.fr\/home\/wp-content\/uploads\/2025\/02\/LOGO-EMPLOYEUR-PARTENAIRES.png","width":334,"height":332},{"@type":"BreadcrumbList","@id":"https:\/\/www.sdis57.fr\/home\/index.php\/un-employeur\/#breadcrumb","itemListElement":[{"@type":"ListItem","position":1,"name":"Home","item":"https:\/\/www.sdis57.fr\/home\/"},{"@type":"ListItem","position":2,"name":"Employeur de sapeur-pompier"}]},{"@type":"WebSite","@id":"https:\/\/www.sdis57.fr\/home\/#website","url":"https:\/\/www.sdis57.fr\/home\/","name":"SAPEURS-POMPIERS DE LA MOSELLE","description":"\u00c0 vos c\u00f4t\u00e9s au quotidien !","publisher":{"@id":"https:\/\/www.sdis57.fr\/home\/#organization"},"potentialAction":[{"@type":"SearchAction","target":{"@type":"EntryPoint","urlTemplate":"https:\/\/www.sdis57.fr\/home\/?s={search_term_string}"},"query-input":{"@type":"PropertyValueSpecification","valueRequired":true,"valueName":"search_term_string"}}],"inLanguage":"fr-FR"},{"@type":"Organization","@id":"https:\/\/www.sdis57.fr\/home\/#organization","name":"SAPEURS-POMPIERS DE LA MOSELLE","url":"https:\/\/www.sdis57.fr\/home\/","logo":{"@type":"ImageObject","inLanguage":"fr-FR","@id":"https:\/\/www.sdis57.fr\/home\/#\/schema\/logo\/image\/","url":"https:\/\/www.sdis57.fr\/home\/wp-content\/uploads\/2023\/09\/Logo_SDIS_57.png","contentUrl":"https:\/\/www.sdis57.fr\/home\/wp-content\/uploads\/2023\/09\/Logo_SDIS_57.png","width":970,"height":882,"caption":"SAPEURS-POMPIERS DE LA MOSELLE"},"image":{"@id":"https:\/\/www.sdis57.fr\/home\/#\/schema\/logo\/image\/"},"sameAs":["https:\/\/www.facebook.com\/sdis57Officiel","https:\/\/x.com\/SDIS57","https:\/\/www.linkedin.com\/company\/sdis-57-sapeurs-pompiers-de-la-moselle\/"]}]}},"_links":{"self":[{"href":"https:\/\/www.sdis57.fr\/home\/index.php\/wp-json\/wp\/v2\/pages\/248","targetHints":{"allow":["GET"]}}],"collection":[{"href":"https:\/\/www.sdis57.fr\/home\/index.php\/wp-json\/wp\/v2\/pages"}],"about":[{"href":"https:\/\/www.sdis57.fr\/home\/index.php\/wp-json\/wp\/v2\/types\/page"}],"author":[{"embeddable":true,"href":"https:\/\/www.sdis57.fr\/home\/index.php\/wp-json\/wp\/v2\/users\/1"}],"replies":[{"embeddable":true,"href":"https:\/\/www.sdis57.fr\/home\/index.php\/wp-json\/wp\/v2\/comments?post=248"}],"version-history":[{"count":88,"href":"https:\/\/www.sdis57.fr\/home\/index.php\/wp-json\/wp\/v2\/pages\/248\/revisions"}],"predecessor-version":[{"id":8682,"href":"https:\/\/www.sdis57.fr\/home\/index.php\/wp-json\/wp\/v2\/pages\/248\/revisions\/8682"}],"wp:attachment":[{"href":"https:\/\/www.sdis57.fr\/home\/index.php\/wp-json\/wp\/v2\/media?parent=248"}],"curies":[{"name":"wp","href":"https:\/\/api.w.org\/{rel}","templated":true}]}}