{"id":264,"date":"2024-01-03T14:40:50","date_gmt":"2024-01-03T13:40:50","guid":{"rendered":"https:\/\/www.sdis57.fr\/home\/?page_id=264"},"modified":"2025-01-07T08:18:32","modified_gmt":"2025-01-07T08:18:32","slug":"sapeur-pompier-professionnel","status":"publish","type":"page","link":"https:\/\/www.sdis57.fr\/home\/index.php\/sapeur-pompier-professionnel\/","title":{"rendered":"Sapeur-pompier professionnel"},"content":{"rendered":"\t\t<div data-elementor-type=\"wp-page\" data-elementor-id=\"264\" class=\"elementor elementor-264\" data-elementor-post-type=\"page\">\n\t\t\t\t<div class=\"elementor-element elementor-element-b38b843 e-flex e-con-boxed e-con e-parent\" data-id=\"b38b843\" data-element_type=\"container\" data-e-type=\"container\">\n\t\t\t\t\t<div class=\"e-con-inner\">\n\t\t\t\t<div class=\"elementor-element elementor-element-d01acb9 elementor-widget elementor-widget-heading\" data-id=\"d01acb9\" data-element_type=\"widget\" data-e-type=\"widget\" data-widget_type=\"heading.default\">\n\t\t\t\t<div class=\"elementor-widget-container\">\n\t\t\t\t\t<h1 class=\"elementor-heading-title elementor-size-default\">Sapeurs-pompiers professionnels<\/h1>\t\t\t\t<\/div>\n\t\t\t\t<\/div>\n\t\t\t\t\t<\/div>\n\t\t\t\t<\/div>\n\t\t<div class=\"elementor-element elementor-element-12405a1 e-flex e-con-boxed e-con e-parent\" data-id=\"12405a1\" data-element_type=\"container\" data-e-type=\"container\">\n\t\t\t\t\t<div class=\"e-con-inner\">\n\t\t\t\t<div class=\"elementor-element elementor-element-fe1329f elementor-widget elementor-widget-text-editor\" data-id=\"fe1329f\" data-element_type=\"widget\" data-e-type=\"widget\" data-widget_type=\"text-editor.default\">\n\t\t\t\t<div class=\"elementor-widget-container\">\n\t\t\t\t\t\t\t\t\t<p>En France, le nombre de sapeurs-pompiers professionnels d\u00e9passe les 40 500, repr\u00e9sentant ainsi 16% du total des effectifs de sapeurs-pompiers. L&rsquo;adh\u00e9sion \u00e0 la profession de sapeur-pompier professionnel est conditionn\u00e9e par l&rsquo;int\u00e9gration \u00e0 la fonction publique territoriale, impliquant la r\u00e9ussite d&rsquo;un concours, qu&rsquo;il soit interne ou externe. L&rsquo;obtention de ce concours peut ouvrir la voie \u00e0 un poste au sein du Service D\u00e9partemental d&rsquo;Incendie et de Secours de la Moselle, en fonction des opportunit\u00e9s disponibles dans le d\u00e9partement. Actuellement, le Sdis 57 compte 760 femmes et hommes engag\u00e9s en tant que sapeurs-pompiers professionnels.<\/p>\t\t\t\t\t\t\t\t<\/div>\n\t\t\t\t<\/div>\n\t\t\t\t\t<\/div>\n\t\t\t\t<\/div>\n\t\t<div class=\"elementor-element elementor-element-816e855 e-flex e-con-boxed e-con e-parent\" data-id=\"816e855\" data-element_type=\"container\" data-e-type=\"container\">\n\t\t\t\t\t<div class=\"e-con-inner\">\n\t\t\t\t<div class=\"elementor-element elementor-element-38667ba elementor-widget elementor-widget-heading\" data-id=\"38667ba\" data-element_type=\"widget\" data-e-type=\"widget\" data-widget_type=\"heading.default\">\n\t\t\t\t<div class=\"elementor-widget-container\">\n\t\t\t\t\t<h2 class=\"elementor-heading-title elementor-size-default\">Les conditions d'engagement<\/h2>\t\t\t\t<\/div>\n\t\t\t\t<\/div>\n\t\t\t\t<div class=\"elementor-element elementor-element-8cd113e elementor-widget elementor-widget-text-editor\" data-id=\"8cd113e\" data-element_type=\"widget\" data-e-type=\"widget\" data-widget_type=\"text-editor.default\">\n\t\t\t\t<div class=\"elementor-widget-container\">\n\t\t\t\t\t\t\t\t\t<p>Bien que cette profession soit accessible \u00e0 tous, elle est assujettie \u00e0 plusieurs conditions, fournies \u00e0 titre indicatif et susceptibles d&rsquo;\u00e9voluer, en lien avec le d\u00e9cret r\u00e9gissant les sapeurs-pompiers professionnels :<\/p>\t\t\t\t\t\t\t\t<\/div>\n\t\t\t\t<\/div>\n\t\t\t\t\t<\/div>\n\t\t\t\t<\/div>\n\t\t<div class=\"elementor-element elementor-element-914523e e-flex e-con-boxed e-con e-parent\" data-id=\"914523e\" data-element_type=\"container\" data-e-type=\"container\">\n\t\t\t\t\t<div class=\"e-con-inner\">\n\t\t<div class=\"elementor-element elementor-element-ae701ab e-con-full e-flex e-con e-child\" data-id=\"ae701ab\" data-element_type=\"container\" data-e-type=\"container\">\n\t\t\t\t<div class=\"elementor-element elementor-element-cdf8af0 elementor-widget elementor-widget-text-editor\" data-id=\"cdf8af0\" data-element_type=\"widget\" data-e-type=\"widget\" data-widget_type=\"text-editor.default\">\n\t\t\t\t<div class=\"elementor-widget-container\">\n\t\t\t\t\t\t\t\t\t<ul><li>Avoir 18 ans minimum<\/li><li>\u00catre ressortissant de l&rsquo;Union Europ\u00e9enne et \u00eatre en capacit\u00e9 de jouir de ses droits civiques<\/li><li>Pr\u00e9senter des aptitudes physiques compatibles avec l\u2019activit\u00e9 de sapeur-pompier<\/li><\/ul>\t\t\t\t\t\t\t\t<\/div>\n\t\t\t\t<\/div>\n\t\t\t\t<\/div>\n\t\t<div class=\"elementor-element elementor-element-0542e07 e-con-full e-flex e-con e-child\" data-id=\"0542e07\" data-element_type=\"container\" data-e-type=\"container\">\n\t\t\t\t<div class=\"elementor-element elementor-element-5ee2b15 elementor-widget elementor-widget-image\" data-id=\"5ee2b15\" data-element_type=\"widget\" data-e-type=\"widget\" data-widget_type=\"image.default\">\n\t\t\t\t<div class=\"elementor-widget-container\">\n\t\t\t\t\t\t\t\t\t\t\t\t\t\t\t<img fetchpriority=\"high\" decoding=\"async\" width=\"800\" height=\"534\" src=\"https:\/\/www.sdis57.fr\/home\/wp-content\/uploads\/2023\/10\/Engagement-1024x684.jpg\" class=\"attachment-large size-large wp-image-72\" alt=\"\" srcset=\"https:\/\/www.sdis57.fr\/home\/wp-content\/uploads\/2023\/10\/Engagement-1024x684.jpg 1024w, https:\/\/www.sdis57.fr\/home\/wp-content\/uploads\/2023\/10\/Engagement-300x200.jpg 300w, https:\/\/www.sdis57.fr\/home\/wp-content\/uploads\/2023\/10\/Engagement-768x513.jpg 768w, https:\/\/www.sdis57.fr\/home\/wp-content\/uploads\/2023\/10\/Engagement-1536x1025.jpg 1536w, https:\/\/www.sdis57.fr\/home\/wp-content\/uploads\/2023\/10\/Engagement-2048x1367.jpg 2048w\" sizes=\"(max-width: 800px) 100vw, 800px\" \/>\t\t\t\t\t\t\t\t\t\t\t\t\t\t\t<\/div>\n\t\t\t\t<\/div>\n\t\t\t\t<\/div>\n\t\t\t\t\t<\/div>\n\t\t\t\t<\/div>\n\t\t<div class=\"elementor-element elementor-element-086d707 e-flex e-con-boxed e-con e-parent\" data-id=\"086d707\" data-element_type=\"container\" data-e-type=\"container\">\n\t\t\t\t\t<div class=\"e-con-inner\">\n\t\t\t\t<div class=\"elementor-element elementor-element-460120d elementor-widget elementor-widget-heading\" data-id=\"460120d\" data-element_type=\"widget\" data-e-type=\"widget\" data-widget_type=\"heading.default\">\n\t\t\t\t<div class=\"elementor-widget-container\">\n\t\t\t\t\t<h2 class=\"elementor-heading-title elementor-size-default\">Les concours<\/h2>\t\t\t\t<\/div>\n\t\t\t\t<\/div>\n\t\t\t\t\t<\/div>\n\t\t\t\t<\/div>\n\t\t<div class=\"elementor-element elementor-element-d9fc094 e-flex e-con-boxed e-con e-parent\" data-id=\"d9fc094\" data-element_type=\"container\" data-e-type=\"container\">\n\t\t\t\t\t<div class=\"e-con-inner\">\n\t\t\t\t<div class=\"elementor-element elementor-element-870a06f elementor-widget elementor-widget-text-editor\" data-id=\"870a06f\" data-element_type=\"widget\" data-e-type=\"widget\" data-widget_type=\"text-editor.default\">\n\t\t\t\t<div class=\"elementor-widget-container\">\n\t\t\t\t\t\t\t\t\t<p>Trois niveaux de recrutement par concours sont possibles : caporal, lieutenant 1re classe et capitaine. Les \u00e9preuves pour devenir\u00a0 caporal ou officier ne sont pas les m\u00eames.<\/p>\t\t\t\t\t\t\t\t<\/div>\n\t\t\t\t<\/div>\n\t\t\t\t\t<\/div>\n\t\t\t\t<\/div>\n\t\t<div class=\"elementor-element elementor-element-92aa1cf e-flex e-con-boxed e-con e-parent\" data-id=\"92aa1cf\" data-element_type=\"container\" data-e-type=\"container\">\n\t\t\t\t\t<div class=\"e-con-inner\">\n\t\t<div class=\"elementor-element elementor-element-1f19438 e-con-full e-flex e-con e-child\" data-id=\"1f19438\" data-element_type=\"container\" data-e-type=\"container\">\n\t\t\t\t<div class=\"elementor-element elementor-element-7f465c1 elementor-widget elementor-widget-text-editor\" data-id=\"7f465c1\" data-element_type=\"widget\" data-e-type=\"widget\" data-widget_type=\"text-editor.default\">\n\t\t\t\t<div class=\"elementor-widget-container\">\n\t\t\t\t\t\t\t\t\t<p><b>Le concours de sapeur-pompier professionnel <br \/>non-<span style=\"background-color: transparent;\">officier (SPPNO) : grade de caporal<\/span><\/b><\/p><p><strong style=\"text-align: var(--text-align);\">Concours externe :<\/strong><span style=\"text-align: var(--text-align);\"> toute personne r\u00e9pondant aux modalit\u00e9s g\u00e9n\u00e9rales.<\/span><\/p><ul><li>Afin de pouvoir concourir pour le grade de\u00a0caporal, le candidat doit \u00eatre d\u00e9tenteur d&rsquo;un dipl\u00f4me de niveau 3 minimum.<\/li><li>Les \u00e9valuations \u00e9crites comprennent un QCM de fran\u00e7ais et un de math\u00e9matiques<\/li><li>Les \u00e9valuation sportives comprennent 3 \u00e9preuves : natation (50 m\u00e8tres), parcours professionnel adapt\u00e9, Luc-l\u00e9ger (endurance cardio-respiratoire)<\/li><\/ul><p><span style=\"background-color: transparent; text-align: var(--text-align);\">\u00a0<\/span><\/p><p><strong>Concours interne :<\/strong> ouvert aux sapeurs-pompiers volontaires (SPV en activit\u00e9), JSP, volontaires civils de s\u00e9curit\u00e9 civile, sapeurs-pompiers auxiliaires, sapeurs-pompiers militaires (BSPP, BMPM, UIISC).<\/p><ul><li><span style=\"background-color: transparent; text-align: var(--text-align);\">Les candidats doivent \u00eatre SPV et avoir 3 ans d\u2019anciennet\u00e9 et leur formation initiale valid\u00e9e.<\/span><\/li><li><span style=\"background-color: transparent; text-align: var(--text-align);\">Les \u00e9valuations \u00e9crites comprennent un QCM de fran\u00e7ais et un QROC sur les connaissances de sapeurs-pompiers niveau \u00e9quipier<\/span><\/li><li><span style=\"background-color: transparent; text-align: var(--text-align);\"><span style=\"background-color: transparent; text-align: var(--text-align);\">Les \u00e9valuation sportives comprennent 3 \u00e9preuves : natation (50 m\u00e8tres), parcours professionnel adapt\u00e9, Luc-l\u00e9ger (endurance cardio-respiratoire).<\/span><\/span><\/li><\/ul>\t\t\t\t\t\t\t\t<\/div>\n\t\t\t\t<\/div>\n\t\t\t\t<\/div>\n\t\t<div class=\"elementor-element elementor-element-2e55b74 e-con-full e-flex e-con e-child\" data-id=\"2e55b74\" data-element_type=\"container\" data-e-type=\"container\">\n\t\t\t\t<div class=\"elementor-element elementor-element-5990034 elementor-widget elementor-widget-text-editor\" data-id=\"5990034\" data-element_type=\"widget\" data-e-type=\"widget\" data-widget_type=\"text-editor.default\">\n\t\t\t\t<div class=\"elementor-widget-container\">\n\t\t\t\t\t\t\t\t\t<p style=\"text-align: center;\"><b>Le concours de sapeur-pompier professionnel&nbsp;<span style=\"background-color: transparent;\">officier (SPPO) : grade de lieutenant ou de capitaine<\/span><\/b><\/p>\n<p>Afin de pouvoir concourir pour le grade de <b>lieutenant<\/b> au sein du concours SPPO, le candidat doit remplir les crit\u00e8res d&rsquo;engagement et \u00eatre titulaire d&rsquo;un dipl\u00f4me de niveau Bac +2. Les \u00e9preuves \u00e9crites pour les lieutenants se composent de :<\/p>\n<ul>\n<li>Une note de synth\u00e8se suivie d&rsquo;une pr\u00e9sentation de note (dur\u00e9e : 3h).<\/li>\n<li>Un questionnaire \u00e0 choix multiples (dur\u00e9e : 2h).<\/li>\n<li>Les \u00e9preuves sportives : natation, parcours professionnel, Luc-l\u00e9ger.<\/li>\n<\/ul>\n<div>&nbsp;<\/div>\n<p>Pour \u00eatre admissible au concours SPPO pour le grade de<b>&nbsp;capitaine<\/b>, le candidat doit \u00e9galement satisfaire aux conditions d&rsquo;engagement et<b> <\/b>d\u00e9tenir<b> <\/b>un dipl\u00f4me de niveau Bac +3. Les \u00e9preuves \u00e9crites pour les capitaines comprennent :<\/p>\n<ul>\n<li>Une dissertation sur un sujet d&rsquo;actualit\u00e9 (dur\u00e9e : 4h).<\/li>\n<li>Une \u00e9tude de cas (dur\u00e9e : 4h).<\/li>\n<li>Une \u00e9preuve orale de langue vivante \u00e9trang\u00e8re.<\/li>\n<li style=\"font-size: 20px;\">Les \u00e9preuves sportives : natation, parcours professionnel adapt\u00e9, Luc-l\u00e9ger.<\/li>\n<\/ul>\t\t\t\t\t\t\t\t<\/div>\n\t\t\t\t<\/div>\n\t\t\t\t<\/div>\n\t\t\t\t\t<\/div>\n\t\t\t\t<\/div>\n\t\t<div class=\"elementor-element elementor-element-63e68af e-flex e-con-boxed e-con e-parent\" data-id=\"63e68af\" data-element_type=\"container\" data-e-type=\"container\">\n\t\t\t\t\t<div class=\"e-con-inner\">\n\t\t\t\t<div class=\"elementor-element elementor-element-fe22ab3 elementor-widget elementor-widget-text-editor\" data-id=\"fe22ab3\" data-element_type=\"widget\" data-e-type=\"widget\" data-widget_type=\"text-editor.default\">\n\t\t\t\t<div class=\"elementor-widget-container\">\n\t\t\t\t\t\t\t\t\t<p>Le candidat qui r\u00e9ussit un concours est inscrit sur une liste d&rsquo;aptitude. Il doit alors postuler pour \u00eatre recrut\u00e9 par un SDIS. Il devra ensuite r\u00e9aliser une formation initiale de 3 mois environ. Une fois valid\u00e9e, il pourra ensuite \u00eatre affect\u00e9 \u00e0 un centre d&rsquo;incendie et de secours.<\/p>\t\t\t\t\t\t\t\t<\/div>\n\t\t\t\t<\/div>\n\t\t\t\t\t<\/div>\n\t\t\t\t<\/div>\n\t\t<div class=\"elementor-element elementor-element-a3ab7f0 e-flex e-con-boxed e-con e-parent\" data-id=\"a3ab7f0\" data-element_type=\"container\" data-e-type=\"container\">\n\t\t\t\t\t<div class=\"e-con-inner\">\n\t\t\t\t<div class=\"elementor-element elementor-element-041fcbd elementor-widget elementor-widget-heading\" data-id=\"041fcbd\" data-element_type=\"widget\" data-e-type=\"widget\" data-widget_type=\"heading.default\">\n\t\t\t\t<div class=\"elementor-widget-container\">\n\t\t\t\t\t<h5 class=\"elementor-heading-title elementor-size-default\">Besoin de plus d'information ?<\/h5>\t\t\t\t<\/div>\n\t\t\t\t<\/div>\n\t\t\t\t\t<\/div>\n\t\t\t\t<\/div>\n\t\t<div class=\"elementor-element elementor-element-54b90fb e-flex e-con-boxed e-con e-parent\" data-id=\"54b90fb\" data-element_type=\"container\" data-e-type=\"container\">\n\t\t\t\t\t<div class=\"e-con-inner\">\n\t\t\t\t<div class=\"elementor-element elementor-element-b27de86 elementor-widget elementor-widget-button\" data-id=\"b27de86\" data-element_type=\"widget\" data-e-type=\"widget\" data-widget_type=\"button.default\">\n\t\t\t\t<div class=\"elementor-widget-container\">\n\t\t\t\t\t\t\t\t\t<div class=\"elementor-button-wrapper\">\n\t\t\t\t\t<a class=\"elementor-button elementor-button-link elementor-size-sm elementor-animation-grow\" href=\"https:\/\/www.sdis57.fr\/home\/index.php\/faq\/\">\n\t\t\t\t\t\t<span class=\"elementor-button-content-wrapper\">\n\t\t\t\t\t\t\t\t\t<span class=\"elementor-button-text\">Contactez-nous<\/span>\n\t\t\t\t\t<\/span>\n\t\t\t\t\t<\/a>\n\t\t\t\t<\/div>\n\t\t\t\t\t\t\t\t<\/div>\n\t\t\t\t<\/div>\n\t\t\t\t\t<\/div>\n\t\t\t\t<\/div>\n\t\t\t\t<\/div>\n\t\t","protected":false},"excerpt":{"rendered":"<p>Sapeurs-pompiers professionnels En France, le nombre de sapeurs-pompiers professionnels d\u00e9passe les 40 500, repr\u00e9sentant ainsi 16% du total des effectifs de sapeurs-pompiers. L&rsquo;adh\u00e9sion \u00e0 la profession de sapeur-pompier professionnel est conditionn\u00e9e par l&rsquo;int\u00e9gration \u00e0 la fonction publique territoriale, impliquant la r\u00e9ussite d&rsquo;un concours, qu&rsquo;il soit interne ou externe. L&rsquo;obtention de ce concours peut ouvrir la [&hellip;]<\/p>\n","protected":false},"author":1,"featured_media":0,"parent":0,"menu_order":0,"comment_status":"closed","ping_status":"closed","template":"elementor_header_footer","meta":{"_monsterinsights_skip_tracking":false,"_monsterinsights_sitenote_active":false,"_monsterinsights_sitenote_note":"","_monsterinsights_sitenote_category":0,"footnotes":""},"class_list":["post-264","page","type-page","status-publish","hentry"],"yoast_head":"<!-- This site is optimized with the Yoast SEO plugin v27.1.1 - https:\/\/yoast.com\/product\/yoast-seo-wordpress\/ -->\n<title>Sapeur-pompier professionnel - SDIS 57 - Sapeurs-pompiers de la Moselle<\/title>\n<meta name=\"description\" content=\"Retrouvez les informations \u00e0 conna\u00eetre pour devenir sapeur-pompier professionnel au sein du Service D\u00e9partemental d&#039;Incendie et de Secours de la Moselle.\" \/>\n<meta name=\"robots\" content=\"index, follow, max-snippet:-1, max-image-preview:large, max-video-preview:-1\" \/>\n<link rel=\"canonical\" href=\"https:\/\/www.sdis57.fr\/home\/index.php\/sapeur-pompier-professionnel\/\" \/>\n<meta property=\"og:locale\" content=\"fr_FR\" \/>\n<meta property=\"og:type\" content=\"article\" \/>\n<meta property=\"og:title\" content=\"Sapeur-pompier professionnel - SDIS 57 - Sapeurs-pompiers de la Moselle\" \/>\n<meta property=\"og:description\" content=\"Retrouvez les informations \u00e0 conna\u00eetre pour devenir sapeur-pompier professionnel au sein du Service D\u00e9partemental d&#039;Incendie et de Secours de la Moselle.\" \/>\n<meta property=\"og:url\" content=\"https:\/\/www.sdis57.fr\/home\/index.php\/sapeur-pompier-professionnel\/\" \/>\n<meta property=\"og:site_name\" content=\"SDIS 57 - Sapeurs-pompiers de la Moselle\" \/>\n<meta property=\"article:publisher\" content=\"https:\/\/www.facebook.com\/sdis57Officiel\" \/>\n<meta property=\"article:modified_time\" content=\"2025-01-07T08:18:32+00:00\" \/>\n<meta property=\"og:image\" content=\"https:\/\/www.sdis57.fr\/home\/wp-content\/uploads\/2023\/10\/Engagement-1024x684.jpg\" \/>\n\t<meta property=\"og:image:width\" content=\"1024\" \/>\n\t<meta property=\"og:image:height\" content=\"684\" \/>\n\t<meta property=\"og:image:type\" content=\"image\/jpeg\" \/>\n<meta name=\"twitter:card\" content=\"summary_large_image\" \/>\n<meta name=\"twitter:site\" content=\"@SDIS57\" \/>\n<meta name=\"twitter:label1\" content=\"Dur\u00e9e de lecture estim\u00e9e\" \/>\n\t<meta name=\"twitter:data1\" content=\"3 minutes\" \/>\n<script type=\"application\/ld+json\" class=\"yoast-schema-graph\">{\"@context\":\"https:\/\/schema.org\",\"@graph\":[{\"@type\":\"WebPage\",\"@id\":\"https:\/\/www.sdis57.fr\/home\/index.php\/sapeur-pompier-professionnel\/\",\"url\":\"https:\/\/www.sdis57.fr\/home\/index.php\/sapeur-pompier-professionnel\/\",\"name\":\"Sapeur-pompier professionnel - SDIS 57 - Sapeurs-pompiers de la Moselle\",\"isPartOf\":{\"@id\":\"https:\/\/www.sdis57.fr\/home\/#website\"},\"primaryImageOfPage\":{\"@id\":\"https:\/\/www.sdis57.fr\/home\/index.php\/sapeur-pompier-professionnel\/#primaryimage\"},\"image\":{\"@id\":\"https:\/\/www.sdis57.fr\/home\/index.php\/sapeur-pompier-professionnel\/#primaryimage\"},\"thumbnailUrl\":\"https:\/\/www.sdis57.fr\/home\/wp-content\/uploads\/2023\/10\/Engagement-1024x684.jpg\",\"datePublished\":\"2024-01-03T13:40:50+00:00\",\"dateModified\":\"2025-01-07T08:18:32+00:00\",\"description\":\"Retrouvez les informations \u00e0 conna\u00eetre pour devenir sapeur-pompier professionnel au sein du Service D\u00e9partemental d'Incendie et de Secours de la Moselle.\",\"breadcrumb\":{\"@id\":\"https:\/\/www.sdis57.fr\/home\/index.php\/sapeur-pompier-professionnel\/#breadcrumb\"},\"inLanguage\":\"fr-FR\",\"potentialAction\":[{\"@type\":\"ReadAction\",\"target\":[\"https:\/\/www.sdis57.fr\/home\/index.php\/sapeur-pompier-professionnel\/\"]}]},{\"@type\":\"ImageObject\",\"inLanguage\":\"fr-FR\",\"@id\":\"https:\/\/www.sdis57.fr\/home\/index.php\/sapeur-pompier-professionnel\/#primaryimage\",\"url\":\"https:\/\/www.sdis57.fr\/home\/wp-content\/uploads\/2023\/10\/Engagement.jpg\",\"contentUrl\":\"https:\/\/www.sdis57.fr\/home\/wp-content\/uploads\/2023\/10\/Engagement.jpg\",\"width\":2500,\"height\":1669},{\"@type\":\"BreadcrumbList\",\"@id\":\"https:\/\/www.sdis57.fr\/home\/index.php\/sapeur-pompier-professionnel\/#breadcrumb\",\"itemListElement\":[{\"@type\":\"ListItem\",\"position\":1,\"name\":\"Home\",\"item\":\"https:\/\/www.sdis57.fr\/home\/\"},{\"@type\":\"ListItem\",\"position\":2,\"name\":\"Sapeur-pompier professionnel\"}]},{\"@type\":\"WebSite\",\"@id\":\"https:\/\/www.sdis57.fr\/home\/#website\",\"url\":\"https:\/\/www.sdis57.fr\/home\/\",\"name\":\"SAPEURS-POMPIERS DE LA MOSELLE\",\"description\":\"\u00c0 vos c\u00f4t\u00e9s au quotidien !\",\"publisher\":{\"@id\":\"https:\/\/www.sdis57.fr\/home\/#organization\"},\"potentialAction\":[{\"@type\":\"SearchAction\",\"target\":{\"@type\":\"EntryPoint\",\"urlTemplate\":\"https:\/\/www.sdis57.fr\/home\/?s={search_term_string}\"},\"query-input\":{\"@type\":\"PropertyValueSpecification\",\"valueRequired\":true,\"valueName\":\"search_term_string\"}}],\"inLanguage\":\"fr-FR\"},{\"@type\":\"Organization\",\"@id\":\"https:\/\/www.sdis57.fr\/home\/#organization\",\"name\":\"SAPEURS-POMPIERS DE LA MOSELLE\",\"url\":\"https:\/\/www.sdis57.fr\/home\/\",\"logo\":{\"@type\":\"ImageObject\",\"inLanguage\":\"fr-FR\",\"@id\":\"https:\/\/www.sdis57.fr\/home\/#\/schema\/logo\/image\/\",\"url\":\"https:\/\/www.sdis57.fr\/home\/wp-content\/uploads\/2023\/09\/Logo_SDIS_57.png\",\"contentUrl\":\"https:\/\/www.sdis57.fr\/home\/wp-content\/uploads\/2023\/09\/Logo_SDIS_57.png\",\"width\":970,\"height\":882,\"caption\":\"SAPEURS-POMPIERS DE LA MOSELLE\"},\"image\":{\"@id\":\"https:\/\/www.sdis57.fr\/home\/#\/schema\/logo\/image\/\"},\"sameAs\":[\"https:\/\/www.facebook.com\/sdis57Officiel\",\"https:\/\/x.com\/SDIS57\",\"https:\/\/www.linkedin.com\/company\/sdis-57-sapeurs-pompiers-de-la-moselle\/\"]}]}<\/script>\n<!-- \/ Yoast SEO plugin. -->","yoast_head_json":{"title":"Sapeur-pompier professionnel - SDIS 57 - Sapeurs-pompiers de la Moselle","description":"Retrouvez les informations \u00e0 conna\u00eetre pour devenir sapeur-pompier professionnel au sein du Service D\u00e9partemental d'Incendie et de Secours de la Moselle.","robots":{"index":"index","follow":"follow","max-snippet":"max-snippet:-1","max-image-preview":"max-image-preview:large","max-video-preview":"max-video-preview:-1"},"canonical":"https:\/\/www.sdis57.fr\/home\/index.php\/sapeur-pompier-professionnel\/","og_locale":"fr_FR","og_type":"article","og_title":"Sapeur-pompier professionnel - SDIS 57 - Sapeurs-pompiers de la Moselle","og_description":"Retrouvez les informations \u00e0 conna\u00eetre pour devenir sapeur-pompier professionnel au sein du Service D\u00e9partemental d'Incendie et de Secours de la Moselle.","og_url":"https:\/\/www.sdis57.fr\/home\/index.php\/sapeur-pompier-professionnel\/","og_site_name":"SDIS 57 - Sapeurs-pompiers de la Moselle","article_publisher":"https:\/\/www.facebook.com\/sdis57Officiel","article_modified_time":"2025-01-07T08:18:32+00:00","og_image":[{"width":1024,"height":684,"url":"https:\/\/www.sdis57.fr\/home\/wp-content\/uploads\/2023\/10\/Engagement-1024x684.jpg","type":"image\/jpeg"}],"twitter_card":"summary_large_image","twitter_site":"@SDIS57","twitter_misc":{"Dur\u00e9e de lecture estim\u00e9e":"3 minutes"},"schema":{"@context":"https:\/\/schema.org","@graph":[{"@type":"WebPage","@id":"https:\/\/www.sdis57.fr\/home\/index.php\/sapeur-pompier-professionnel\/","url":"https:\/\/www.sdis57.fr\/home\/index.php\/sapeur-pompier-professionnel\/","name":"Sapeur-pompier professionnel - SDIS 57 - Sapeurs-pompiers de la Moselle","isPartOf":{"@id":"https:\/\/www.sdis57.fr\/home\/#website"},"primaryImageOfPage":{"@id":"https:\/\/www.sdis57.fr\/home\/index.php\/sapeur-pompier-professionnel\/#primaryimage"},"image":{"@id":"https:\/\/www.sdis57.fr\/home\/index.php\/sapeur-pompier-professionnel\/#primaryimage"},"thumbnailUrl":"https:\/\/www.sdis57.fr\/home\/wp-content\/uploads\/2023\/10\/Engagement-1024x684.jpg","datePublished":"2024-01-03T13:40:50+00:00","dateModified":"2025-01-07T08:18:32+00:00","description":"Retrouvez les informations \u00e0 conna\u00eetre pour devenir sapeur-pompier professionnel au sein du Service D\u00e9partemental d'Incendie et de Secours de la Moselle.","breadcrumb":{"@id":"https:\/\/www.sdis57.fr\/home\/index.php\/sapeur-pompier-professionnel\/#breadcrumb"},"inLanguage":"fr-FR","potentialAction":[{"@type":"ReadAction","target":["https:\/\/www.sdis57.fr\/home\/index.php\/sapeur-pompier-professionnel\/"]}]},{"@type":"ImageObject","inLanguage":"fr-FR","@id":"https:\/\/www.sdis57.fr\/home\/index.php\/sapeur-pompier-professionnel\/#primaryimage","url":"https:\/\/www.sdis57.fr\/home\/wp-content\/uploads\/2023\/10\/Engagement.jpg","contentUrl":"https:\/\/www.sdis57.fr\/home\/wp-content\/uploads\/2023\/10\/Engagement.jpg","width":2500,"height":1669},{"@type":"BreadcrumbList","@id":"https:\/\/www.sdis57.fr\/home\/index.php\/sapeur-pompier-professionnel\/#breadcrumb","itemListElement":[{"@type":"ListItem","position":1,"name":"Home","item":"https:\/\/www.sdis57.fr\/home\/"},{"@type":"ListItem","position":2,"name":"Sapeur-pompier professionnel"}]},{"@type":"WebSite","@id":"https:\/\/www.sdis57.fr\/home\/#website","url":"https:\/\/www.sdis57.fr\/home\/","name":"SAPEURS-POMPIERS DE LA MOSELLE","description":"\u00c0 vos c\u00f4t\u00e9s au quotidien !","publisher":{"@id":"https:\/\/www.sdis57.fr\/home\/#organization"},"potentialAction":[{"@type":"SearchAction","target":{"@type":"EntryPoint","urlTemplate":"https:\/\/www.sdis57.fr\/home\/?s={search_term_string}"},"query-input":{"@type":"PropertyValueSpecification","valueRequired":true,"valueName":"search_term_string"}}],"inLanguage":"fr-FR"},{"@type":"Organization","@id":"https:\/\/www.sdis57.fr\/home\/#organization","name":"SAPEURS-POMPIERS DE LA MOSELLE","url":"https:\/\/www.sdis57.fr\/home\/","logo":{"@type":"ImageObject","inLanguage":"fr-FR","@id":"https:\/\/www.sdis57.fr\/home\/#\/schema\/logo\/image\/","url":"https:\/\/www.sdis57.fr\/home\/wp-content\/uploads\/2023\/09\/Logo_SDIS_57.png","contentUrl":"https:\/\/www.sdis57.fr\/home\/wp-content\/uploads\/2023\/09\/Logo_SDIS_57.png","width":970,"height":882,"caption":"SAPEURS-POMPIERS DE LA MOSELLE"},"image":{"@id":"https:\/\/www.sdis57.fr\/home\/#\/schema\/logo\/image\/"},"sameAs":["https:\/\/www.facebook.com\/sdis57Officiel","https:\/\/x.com\/SDIS57","https:\/\/www.linkedin.com\/company\/sdis-57-sapeurs-pompiers-de-la-moselle\/"]}]}},"_links":{"self":[{"href":"https:\/\/www.sdis57.fr\/home\/index.php\/wp-json\/wp\/v2\/pages\/264","targetHints":{"allow":["GET"]}}],"collection":[{"href":"https:\/\/www.sdis57.fr\/home\/index.php\/wp-json\/wp\/v2\/pages"}],"about":[{"href":"https:\/\/www.sdis57.fr\/home\/index.php\/wp-json\/wp\/v2\/types\/page"}],"author":[{"embeddable":true,"href":"https:\/\/www.sdis57.fr\/home\/index.php\/wp-json\/wp\/v2\/users\/1"}],"replies":[{"embeddable":true,"href":"https:\/\/www.sdis57.fr\/home\/index.php\/wp-json\/wp\/v2\/comments?post=264"}],"version-history":[{"count":164,"href":"https:\/\/www.sdis57.fr\/home\/index.php\/wp-json\/wp\/v2\/pages\/264\/revisions"}],"predecessor-version":[{"id":6729,"href":"https:\/\/www.sdis57.fr\/home\/index.php\/wp-json\/wp\/v2\/pages\/264\/revisions\/6729"}],"wp:attachment":[{"href":"https:\/\/www.sdis57.fr\/home\/index.php\/wp-json\/wp\/v2\/media?parent=264"}],"curies":[{"name":"wp","href":"https:\/\/api.w.org\/{rel}","templated":true}]}}