{"id":2940,"date":"2024-03-20T11:58:35","date_gmt":"2024-03-20T10:58:35","guid":{"rendered":"https:\/\/www.sdis57.fr\/home\/?page_id=2940"},"modified":"2025-01-07T09:25:07","modified_gmt":"2025-01-07T09:25:07","slug":"se-former","status":"publish","type":"page","link":"https:\/\/www.sdis57.fr\/home\/index.php\/nos-conseils-prevention\/se-former\/","title":{"rendered":"Se former"},"content":{"rendered":"\t\t<div data-elementor-type=\"wp-page\" data-elementor-id=\"2940\" class=\"elementor elementor-2940\" data-elementor-post-type=\"page\">\n\t\t\t\t<div class=\"elementor-element elementor-element-b38b843 e-flex e-con-boxed e-con e-parent\" data-id=\"b38b843\" data-element_type=\"container\" data-e-type=\"container\">\n\t\t\t\t\t<div class=\"e-con-inner\">\n\t\t\t\t<div class=\"elementor-element elementor-element-d768e9b elementor-widget elementor-widget-heading\" data-id=\"d768e9b\" data-element_type=\"widget\" data-e-type=\"widget\" data-widget_type=\"heading.default\">\n\t\t\t\t<div class=\"elementor-widget-container\">\n\t\t\t\t\t<h1 class=\"elementor-heading-title elementor-size-default\">Se former <\/h1>\t\t\t\t<\/div>\n\t\t\t\t<\/div>\n\t\t\t\t\t<\/div>\n\t\t\t\t<\/div>\n\t\t<div class=\"elementor-element elementor-element-12405a1 e-flex e-con-boxed e-con e-parent\" data-id=\"12405a1\" data-element_type=\"container\" data-e-type=\"container\">\n\t\t\t\t\t<div class=\"e-con-inner\">\n\t\t\t\t<div class=\"elementor-element elementor-element-164f0c0 elementor-widget elementor-widget-text-editor\" data-id=\"164f0c0\" data-element_type=\"widget\" data-e-type=\"widget\" data-widget_type=\"text-editor.default\">\n\t\t\t\t<div class=\"elementor-widget-container\">\n\t\t\t\t\t\t\t\t\t<p>Accessible \u00e0 tous, la formation aux gestes de premiers secours offre au grand public la possibilit\u00e9 d&rsquo;acqu\u00e9rir les connaissances et comp\u00e9tences n\u00e9cessaires pour intervenir efficacement en cas d&rsquo;urgence. De la simple ma\u00eetrise des gestes de base \u00e0 la capacit\u00e9 de sauver des vies, se former contribue \u00e0 renforcer la s\u00e9curit\u00e9 et le bien-\u00eatre de chacun.<\/p>\t\t\t\t\t\t\t\t<\/div>\n\t\t\t\t<\/div>\n\t\t\t\t\t<\/div>\n\t\t\t\t<\/div>\n\t\t<div class=\"elementor-element elementor-element-64eeed2 e-flex e-con-boxed e-con e-parent\" data-id=\"64eeed2\" data-element_type=\"container\" data-e-type=\"container\">\n\t\t\t\t\t<div class=\"e-con-inner\">\n\t\t\t\t<div class=\"elementor-element elementor-element-2978bd1 elementor-widget elementor-widget-heading\" data-id=\"2978bd1\" data-element_type=\"widget\" data-e-type=\"widget\" data-widget_type=\"heading.default\">\n\t\t\t\t<div class=\"elementor-widget-container\">\n\t\t\t\t\t<h2 class=\"elementor-heading-title elementor-size-default\">Les associations de la s\u00e9curit\u00e9 civile<\/h2>\t\t\t\t<\/div>\n\t\t\t\t<\/div>\n\t\t\t\t\t<\/div>\n\t\t\t\t<\/div>\n\t\t<div class=\"elementor-element elementor-element-4fcc027 e-flex e-con-boxed e-con e-parent\" data-id=\"4fcc027\" data-element_type=\"container\" data-e-type=\"container\">\n\t\t\t\t\t<div class=\"e-con-inner\">\n\t\t\t\t<div class=\"elementor-element elementor-element-cd572cc elementor-widget elementor-widget-text-editor\" data-id=\"cd572cc\" data-element_type=\"widget\" data-e-type=\"widget\" data-widget_type=\"text-editor.default\">\n\t\t\t\t<div class=\"elementor-widget-container\">\n\t\t\t\t\t\t\t\t\t<p>Pour le grand public, seules des associations agr\u00e9\u00e9es par la pr\u00e9fecture peuvent dispenser une formation aux premiers secours.<\/p>\t\t\t\t\t\t\t\t<\/div>\n\t\t\t\t<\/div>\n\t\t\t\t<div class=\"elementor-element elementor-element-b9fdb0d elementor-widget elementor-widget-button\" data-id=\"b9fdb0d\" data-element_type=\"widget\" data-e-type=\"widget\" data-widget_type=\"button.default\">\n\t\t\t\t<div class=\"elementor-widget-container\">\n\t\t\t\t\t\t\t\t\t<div class=\"elementor-button-wrapper\">\n\t\t\t\t\t<a class=\"elementor-button elementor-button-link elementor-size-sm\" href=\"https:\/\/www.moselle.gouv.fr\/Actions-de-l-Etat\/Securite\/Securite-civile-et-prevention-des-risques\/Secourisme-SSIAP\/Formations-aux-premiers-secours\">\n\t\t\t\t\t\t<span class=\"elementor-button-content-wrapper\">\n\t\t\t\t\t\t\t\t\t<span class=\"elementor-button-text\">Voir la liste des associations agr\u00e9es<\/span>\n\t\t\t\t\t<\/span>\n\t\t\t\t\t<\/a>\n\t\t\t\t<\/div>\n\t\t\t\t\t\t\t\t<\/div>\n\t\t\t\t<\/div>\n\t\t\t\t\t<\/div>\n\t\t\t\t<\/div>\n\t\t<div class=\"elementor-element elementor-element-d8993db e-flex e-con-boxed e-con e-parent\" data-id=\"d8993db\" data-element_type=\"container\" data-e-type=\"container\">\n\t\t\t\t\t<div class=\"e-con-inner\">\n\t\t\t\t<div class=\"elementor-element elementor-element-514a9a1 elementor-widget elementor-widget-heading\" data-id=\"514a9a1\" data-element_type=\"widget\" data-e-type=\"widget\" data-widget_type=\"heading.default\">\n\t\t\t\t<div class=\"elementor-widget-container\">\n\t\t\t\t\t<h2 class=\"elementor-heading-title elementor-size-default\">L'Union d\u00e9partementale des sapeurs-pompiers de Moselle<\/h2>\t\t\t\t<\/div>\n\t\t\t\t<\/div>\n\t\t\t\t\t<\/div>\n\t\t\t\t<\/div>\n\t\t<div class=\"elementor-element elementor-element-b637788 e-flex e-con-boxed e-con e-parent\" data-id=\"b637788\" data-element_type=\"container\" data-e-type=\"container\">\n\t\t\t\t\t<div class=\"e-con-inner\">\n\t\t<div class=\"elementor-element elementor-element-079d8d9 e-con-full e-flex e-con e-child\" data-id=\"079d8d9\" data-element_type=\"container\" data-e-type=\"container\">\n\t\t\t\t<div class=\"elementor-element elementor-element-11ccd54 elementor-widget elementor-widget-text-editor\" data-id=\"11ccd54\" data-element_type=\"widget\" data-e-type=\"widget\" data-widget_type=\"text-editor.default\">\n\t\t\t\t<div class=\"elementor-widget-container\">\n\t\t\t\t\t\t\t\t\t<h4 style=\"text-align: left;\"><span style=\"font-size: 20px;\">Pour vous renseigner et vous inscrire \u00e0 une session de formation aux premiers secours, contactez<a href=\"https:\/\/www.sdis57.fr\/home\/index.php\/lunion-departementale-des-sapeurs-pompiers-de-la-moselle\/\"> l&rsquo;Union d\u00e9partementale des sapeurs-pompiers de Moselle.&nbsp;<\/a><\/span><\/h4>\n<p style=\"text-align: left;\">Les sessions de formation, sont propos\u00e9es \u00e0 des tarifs mod\u00e9r\u00e9s pour couvrir les frais administratifs, l&rsquo;acquisition et la maintenance du mat\u00e9riel p\u00e9dagogique, la r\u00e9mun\u00e9ration des formateurs ainsi que les frais de documentation pour les formateurs et les stagiaires.<\/p>\n<p style=\"text-align: left;\">Pour vous inscrire, il vous suffit de contacter l&rsquo;union d\u00e9partementale.<\/p>\t\t\t\t\t\t\t\t<\/div>\n\t\t\t\t<\/div>\n\t\t\t\t<div class=\"elementor-element elementor-element-2f60e9c elementor-widget elementor-widget-button\" data-id=\"2f60e9c\" data-element_type=\"widget\" data-e-type=\"widget\" data-widget_type=\"button.default\">\n\t\t\t\t<div class=\"elementor-widget-container\">\n\t\t\t\t\t\t\t\t\t<div class=\"elementor-button-wrapper\">\n\t\t\t\t\t<a class=\"elementor-button elementor-button-link elementor-size-sm\" href=\"https:\/\/www.sdis57.fr\/home\/index.php\/faq\/\">\n\t\t\t\t\t\t<span class=\"elementor-button-content-wrapper\">\n\t\t\t\t\t\t\t\t\t<span class=\"elementor-button-text\">Nous contacter<\/span>\n\t\t\t\t\t<\/span>\n\t\t\t\t\t<\/a>\n\t\t\t\t<\/div>\n\t\t\t\t\t\t\t\t<\/div>\n\t\t\t\t<\/div>\n\t\t\t\t<\/div>\n\t\t\t\t\t<\/div>\n\t\t\t\t<\/div>\n\t\t\t\t<\/div>\n\t\t","protected":false},"excerpt":{"rendered":"<p>Se former Accessible \u00e0 tous, la formation aux gestes de premiers secours offre au grand public la possibilit\u00e9 d&rsquo;acqu\u00e9rir les connaissances et comp\u00e9tences n\u00e9cessaires pour intervenir efficacement en cas d&rsquo;urgence. De la simple ma\u00eetrise des gestes de base \u00e0 la capacit\u00e9 de sauver des vies, se former contribue \u00e0 renforcer la s\u00e9curit\u00e9 et le bien-\u00eatre [&hellip;]<\/p>\n","protected":false},"author":1,"featured_media":0,"parent":452,"menu_order":0,"comment_status":"closed","ping_status":"closed","template":"elementor_header_footer","meta":{"_monsterinsights_skip_tracking":false,"_monsterinsights_sitenote_active":false,"_monsterinsights_sitenote_note":"","_monsterinsights_sitenote_category":0,"footnotes":""},"class_list":["post-2940","page","type-page","status-publish","hentry"],"yoast_head":"<!-- This site is optimized with the Yoast SEO plugin v27.1.1 - https:\/\/yoast.com\/product\/yoast-seo-wordpress\/ -->\n<title>Se former - SDIS 57 - Sapeurs-pompiers de la Moselle<\/title>\n<meta name=\"description\" content=\"Retrouvez sur cette page, les informations de s\u00e9curit\u00e9 et les actions de pr\u00e9vention permettant d&#039;appr\u00e9hender les incendies.\" \/>\n<meta name=\"robots\" content=\"index, follow, max-snippet:-1, max-image-preview:large, max-video-preview:-1\" \/>\n<link rel=\"canonical\" href=\"https:\/\/www.sdis57.fr\/home\/index.php\/nos-conseils-prevention\/se-former\/\" \/>\n<meta property=\"og:locale\" content=\"fr_FR\" \/>\n<meta property=\"og:type\" content=\"article\" \/>\n<meta property=\"og:title\" content=\"Se former - SDIS 57 - Sapeurs-pompiers de la Moselle\" \/>\n<meta property=\"og:description\" content=\"Retrouvez sur cette page, les informations de s\u00e9curit\u00e9 et les actions de pr\u00e9vention permettant d&#039;appr\u00e9hender les incendies.\" \/>\n<meta property=\"og:url\" content=\"https:\/\/www.sdis57.fr\/home\/index.php\/nos-conseils-prevention\/se-former\/\" \/>\n<meta property=\"og:site_name\" content=\"SDIS 57 - Sapeurs-pompiers de la Moselle\" \/>\n<meta property=\"article:publisher\" content=\"https:\/\/www.facebook.com\/sdis57Officiel\" \/>\n<meta property=\"article:modified_time\" content=\"2025-01-07T09:25:07+00:00\" \/>\n<meta name=\"twitter:card\" content=\"summary_large_image\" \/>\n<meta name=\"twitter:site\" content=\"@SDIS57\" \/>\n<meta name=\"twitter:label1\" content=\"Dur\u00e9e de lecture estim\u00e9e\" \/>\n\t<meta name=\"twitter:data1\" content=\"1 minute\" \/>\n<script type=\"application\/ld+json\" class=\"yoast-schema-graph\">{\"@context\":\"https:\/\/schema.org\",\"@graph\":[{\"@type\":\"WebPage\",\"@id\":\"https:\/\/www.sdis57.fr\/home\/index.php\/nos-conseils-prevention\/se-former\/\",\"url\":\"https:\/\/www.sdis57.fr\/home\/index.php\/nos-conseils-prevention\/se-former\/\",\"name\":\"Se former - SDIS 57 - Sapeurs-pompiers de la Moselle\",\"isPartOf\":{\"@id\":\"https:\/\/www.sdis57.fr\/home\/#website\"},\"datePublished\":\"2024-03-20T10:58:35+00:00\",\"dateModified\":\"2025-01-07T09:25:07+00:00\",\"description\":\"Retrouvez sur cette page, les informations de s\u00e9curit\u00e9 et les actions de pr\u00e9vention permettant d'appr\u00e9hender les incendies.\",\"breadcrumb\":{\"@id\":\"https:\/\/www.sdis57.fr\/home\/index.php\/nos-conseils-prevention\/se-former\/#breadcrumb\"},\"inLanguage\":\"fr-FR\",\"potentialAction\":[{\"@type\":\"ReadAction\",\"target\":[\"https:\/\/www.sdis57.fr\/home\/index.php\/nos-conseils-prevention\/se-former\/\"]}]},{\"@type\":\"BreadcrumbList\",\"@id\":\"https:\/\/www.sdis57.fr\/home\/index.php\/nos-conseils-prevention\/se-former\/#breadcrumb\",\"itemListElement\":[{\"@type\":\"ListItem\",\"position\":1,\"name\":\"Home\",\"item\":\"https:\/\/www.sdis57.fr\/home\/\"},{\"@type\":\"ListItem\",\"position\":2,\"name\":\"Nos conseils pr\u00e9vention\",\"item\":\"https:\/\/www.sdis57.fr\/home\/index.php\/nos-conseils-prevention\/\"},{\"@type\":\"ListItem\",\"position\":3,\"name\":\"Se former\"}]},{\"@type\":\"WebSite\",\"@id\":\"https:\/\/www.sdis57.fr\/home\/#website\",\"url\":\"https:\/\/www.sdis57.fr\/home\/\",\"name\":\"SAPEURS-POMPIERS DE LA MOSELLE\",\"description\":\"\u00c0 vos c\u00f4t\u00e9s au quotidien !\",\"publisher\":{\"@id\":\"https:\/\/www.sdis57.fr\/home\/#organization\"},\"potentialAction\":[{\"@type\":\"SearchAction\",\"target\":{\"@type\":\"EntryPoint\",\"urlTemplate\":\"https:\/\/www.sdis57.fr\/home\/?s={search_term_string}\"},\"query-input\":{\"@type\":\"PropertyValueSpecification\",\"valueRequired\":true,\"valueName\":\"search_term_string\"}}],\"inLanguage\":\"fr-FR\"},{\"@type\":\"Organization\",\"@id\":\"https:\/\/www.sdis57.fr\/home\/#organization\",\"name\":\"SAPEURS-POMPIERS DE LA MOSELLE\",\"url\":\"https:\/\/www.sdis57.fr\/home\/\",\"logo\":{\"@type\":\"ImageObject\",\"inLanguage\":\"fr-FR\",\"@id\":\"https:\/\/www.sdis57.fr\/home\/#\/schema\/logo\/image\/\",\"url\":\"https:\/\/www.sdis57.fr\/home\/wp-content\/uploads\/2023\/09\/Logo_SDIS_57.png\",\"contentUrl\":\"https:\/\/www.sdis57.fr\/home\/wp-content\/uploads\/2023\/09\/Logo_SDIS_57.png\",\"width\":970,\"height\":882,\"caption\":\"SAPEURS-POMPIERS DE LA MOSELLE\"},\"image\":{\"@id\":\"https:\/\/www.sdis57.fr\/home\/#\/schema\/logo\/image\/\"},\"sameAs\":[\"https:\/\/www.facebook.com\/sdis57Officiel\",\"https:\/\/x.com\/SDIS57\",\"https:\/\/www.linkedin.com\/company\/sdis-57-sapeurs-pompiers-de-la-moselle\/\"]}]}<\/script>\n<!-- \/ Yoast SEO plugin. -->","yoast_head_json":{"title":"Se former - SDIS 57 - Sapeurs-pompiers de la Moselle","description":"Retrouvez sur cette page, les informations de s\u00e9curit\u00e9 et les actions de pr\u00e9vention permettant d'appr\u00e9hender les incendies.","robots":{"index":"index","follow":"follow","max-snippet":"max-snippet:-1","max-image-preview":"max-image-preview:large","max-video-preview":"max-video-preview:-1"},"canonical":"https:\/\/www.sdis57.fr\/home\/index.php\/nos-conseils-prevention\/se-former\/","og_locale":"fr_FR","og_type":"article","og_title":"Se former - SDIS 57 - Sapeurs-pompiers de la Moselle","og_description":"Retrouvez sur cette page, les informations de s\u00e9curit\u00e9 et les actions de pr\u00e9vention permettant d'appr\u00e9hender les incendies.","og_url":"https:\/\/www.sdis57.fr\/home\/index.php\/nos-conseils-prevention\/se-former\/","og_site_name":"SDIS 57 - Sapeurs-pompiers de la Moselle","article_publisher":"https:\/\/www.facebook.com\/sdis57Officiel","article_modified_time":"2025-01-07T09:25:07+00:00","twitter_card":"summary_large_image","twitter_site":"@SDIS57","twitter_misc":{"Dur\u00e9e de lecture estim\u00e9e":"1 minute"},"schema":{"@context":"https:\/\/schema.org","@graph":[{"@type":"WebPage","@id":"https:\/\/www.sdis57.fr\/home\/index.php\/nos-conseils-prevention\/se-former\/","url":"https:\/\/www.sdis57.fr\/home\/index.php\/nos-conseils-prevention\/se-former\/","name":"Se former - SDIS 57 - Sapeurs-pompiers de la Moselle","isPartOf":{"@id":"https:\/\/www.sdis57.fr\/home\/#website"},"datePublished":"2024-03-20T10:58:35+00:00","dateModified":"2025-01-07T09:25:07+00:00","description":"Retrouvez sur cette page, les informations de s\u00e9curit\u00e9 et les actions de pr\u00e9vention permettant d'appr\u00e9hender les incendies.","breadcrumb":{"@id":"https:\/\/www.sdis57.fr\/home\/index.php\/nos-conseils-prevention\/se-former\/#breadcrumb"},"inLanguage":"fr-FR","potentialAction":[{"@type":"ReadAction","target":["https:\/\/www.sdis57.fr\/home\/index.php\/nos-conseils-prevention\/se-former\/"]}]},{"@type":"BreadcrumbList","@id":"https:\/\/www.sdis57.fr\/home\/index.php\/nos-conseils-prevention\/se-former\/#breadcrumb","itemListElement":[{"@type":"ListItem","position":1,"name":"Home","item":"https:\/\/www.sdis57.fr\/home\/"},{"@type":"ListItem","position":2,"name":"Nos conseils pr\u00e9vention","item":"https:\/\/www.sdis57.fr\/home\/index.php\/nos-conseils-prevention\/"},{"@type":"ListItem","position":3,"name":"Se former"}]},{"@type":"WebSite","@id":"https:\/\/www.sdis57.fr\/home\/#website","url":"https:\/\/www.sdis57.fr\/home\/","name":"SAPEURS-POMPIERS DE LA MOSELLE","description":"\u00c0 vos c\u00f4t\u00e9s au quotidien !","publisher":{"@id":"https:\/\/www.sdis57.fr\/home\/#organization"},"potentialAction":[{"@type":"SearchAction","target":{"@type":"EntryPoint","urlTemplate":"https:\/\/www.sdis57.fr\/home\/?s={search_term_string}"},"query-input":{"@type":"PropertyValueSpecification","valueRequired":true,"valueName":"search_term_string"}}],"inLanguage":"fr-FR"},{"@type":"Organization","@id":"https:\/\/www.sdis57.fr\/home\/#organization","name":"SAPEURS-POMPIERS DE LA MOSELLE","url":"https:\/\/www.sdis57.fr\/home\/","logo":{"@type":"ImageObject","inLanguage":"fr-FR","@id":"https:\/\/www.sdis57.fr\/home\/#\/schema\/logo\/image\/","url":"https:\/\/www.sdis57.fr\/home\/wp-content\/uploads\/2023\/09\/Logo_SDIS_57.png","contentUrl":"https:\/\/www.sdis57.fr\/home\/wp-content\/uploads\/2023\/09\/Logo_SDIS_57.png","width":970,"height":882,"caption":"SAPEURS-POMPIERS DE LA MOSELLE"},"image":{"@id":"https:\/\/www.sdis57.fr\/home\/#\/schema\/logo\/image\/"},"sameAs":["https:\/\/www.facebook.com\/sdis57Officiel","https:\/\/x.com\/SDIS57","https:\/\/www.linkedin.com\/company\/sdis-57-sapeurs-pompiers-de-la-moselle\/"]}]}},"_links":{"self":[{"href":"https:\/\/www.sdis57.fr\/home\/index.php\/wp-json\/wp\/v2\/pages\/2940","targetHints":{"allow":["GET"]}}],"collection":[{"href":"https:\/\/www.sdis57.fr\/home\/index.php\/wp-json\/wp\/v2\/pages"}],"about":[{"href":"https:\/\/www.sdis57.fr\/home\/index.php\/wp-json\/wp\/v2\/types\/page"}],"author":[{"embeddable":true,"href":"https:\/\/www.sdis57.fr\/home\/index.php\/wp-json\/wp\/v2\/users\/1"}],"replies":[{"embeddable":true,"href":"https:\/\/www.sdis57.fr\/home\/index.php\/wp-json\/wp\/v2\/comments?post=2940"}],"version-history":[{"count":46,"href":"https:\/\/www.sdis57.fr\/home\/index.php\/wp-json\/wp\/v2\/pages\/2940\/revisions"}],"predecessor-version":[{"id":4749,"href":"https:\/\/www.sdis57.fr\/home\/index.php\/wp-json\/wp\/v2\/pages\/2940\/revisions\/4749"}],"up":[{"embeddable":true,"href":"https:\/\/www.sdis57.fr\/home\/index.php\/wp-json\/wp\/v2\/pages\/452"}],"wp:attachment":[{"href":"https:\/\/www.sdis57.fr\/home\/index.php\/wp-json\/wp\/v2\/media?parent=2940"}],"curies":[{"name":"wp","href":"https:\/\/api.w.org\/{rel}","templated":true}]}}