{"id":2943,"date":"2024-03-20T11:59:21","date_gmt":"2024-03-20T10:59:21","guid":{"rendered":"https:\/\/www.sdis57.fr\/home\/?page_id=2943"},"modified":"2025-01-07T09:23:38","modified_gmt":"2025-01-07T09:23:38","slug":"brulures","status":"publish","type":"page","link":"https:\/\/www.sdis57.fr\/home\/index.php\/nos-conseils-prevention\/brulures\/","title":{"rendered":"Br\u00fblures"},"content":{"rendered":"\t\t<div data-elementor-type=\"wp-page\" data-elementor-id=\"2943\" class=\"elementor elementor-2943\" data-elementor-post-type=\"page\">\n\t\t\t\t<div class=\"elementor-element elementor-element-b38b843 e-flex e-con-boxed e-con e-parent\" data-id=\"b38b843\" data-element_type=\"container\" data-e-type=\"container\">\n\t\t\t\t\t<div class=\"e-con-inner\">\n\t\t\t\t<div class=\"elementor-element elementor-element-d768e9b elementor-widget elementor-widget-heading\" data-id=\"d768e9b\" data-element_type=\"widget\" data-e-type=\"widget\" data-widget_type=\"heading.default\">\n\t\t\t\t<div class=\"elementor-widget-container\">\n\t\t\t\t\t<h1 class=\"elementor-heading-title elementor-size-default\">Br\u00fblures<\/h1>\t\t\t\t<\/div>\n\t\t\t\t<\/div>\n\t\t\t\t\t<\/div>\n\t\t\t\t<\/div>\n\t\t<div class=\"elementor-element elementor-element-12405a1 e-flex e-con-boxed e-con e-parent\" data-id=\"12405a1\" data-element_type=\"container\" data-e-type=\"container\">\n\t\t\t\t\t<div class=\"e-con-inner\">\n\t\t\t\t<div class=\"elementor-element elementor-element-164f0c0 elementor-widget elementor-widget-text-editor\" data-id=\"164f0c0\" data-element_type=\"widget\" data-e-type=\"widget\" data-widget_type=\"text-editor.default\">\n\t\t\t\t<div class=\"elementor-widget-container\">\n\t\t\t\t\t\t\t\t\t<p>Les dangers li\u00e9s aux br\u00fblures sont vari\u00e9s : qu&rsquo;il s&rsquo;agisse de br\u00fblures caus\u00e9es par des liquides ou des aliments chauds (comme l&rsquo;eau, la soupe, le caf\u00e9 ou l&rsquo;huile), par les flammes, ou encore par des objets chauds tels que les appareils \u00e9lectrom\u00e9nagers, les casseroles ou les chemin\u00e9es. Chacun de ces types de br\u00fblures peut entra\u00eener des cons\u00e9quences graves.&nbsp;<\/p>\t\t\t\t\t\t\t\t<\/div>\n\t\t\t\t<\/div>\n\t\t\t\t<div class=\"elementor-element elementor-element-95f7229 elementor-widget elementor-widget-heading\" data-id=\"95f7229\" data-element_type=\"widget\" data-e-type=\"widget\" data-widget_type=\"heading.default\">\n\t\t\t\t<div class=\"elementor-widget-container\">\n\t\t\t\t\t<h2 class=\"elementor-heading-title elementor-size-default\">Pr\u00e9venir les risques de br\u00fblures<\/h2>\t\t\t\t<\/div>\n\t\t\t\t<\/div>\n\t\t\t\t\t<\/div>\n\t\t\t\t<\/div>\n\t\t<div class=\"elementor-element elementor-element-283f54e e-flex e-con-boxed e-con e-parent\" data-id=\"283f54e\" data-element_type=\"container\" data-e-type=\"container\">\n\t\t\t\t\t<div class=\"e-con-inner\">\n\t\t\t\t<div class=\"elementor-element elementor-element-8778855 elementor-widget elementor-widget-text-editor\" data-id=\"8778855\" data-element_type=\"widget\" data-e-type=\"widget\" data-widget_type=\"text-editor.default\">\n\t\t\t\t<div class=\"elementor-widget-container\">\n\t\t\t\t\t\t\t\t\t<p>Il est important de distinguer les lieux de vie ainsi que les objets du quotidien susceptibles de cr\u00e9er des risques de br\u00fblures, particuli\u00e8rement en pr\u00e9sence d&rsquo;enfants.<\/p>\t\t\t\t\t\t\t\t<\/div>\n\t\t\t\t<\/div>\n\t\t\t\t\t<\/div>\n\t\t\t\t<\/div>\n\t\t<div class=\"elementor-element elementor-element-f86dcab e-flex e-con-boxed e-con e-parent\" data-id=\"f86dcab\" data-element_type=\"container\" data-e-type=\"container\">\n\t\t\t\t\t<div class=\"e-con-inner\">\n\t\t<div class=\"elementor-element elementor-element-00a9203 e-con-full e-flex e-con e-child\" data-id=\"00a9203\" data-element_type=\"container\" data-e-type=\"container\">\n\t\t\t\t<div class=\"elementor-element elementor-element-f7ae821 elementor-widget elementor-widget-text-editor\" data-id=\"f7ae821\" data-element_type=\"widget\" data-e-type=\"widget\" data-widget_type=\"text-editor.default\">\n\t\t\t\t<div class=\"elementor-widget-container\">\n\t\t\t\t\t\t\t\t\t<p style=\"text-align: center;\"><span style=\"color: #001377;\">La cuisine <br \/>et la salle de bain<\/span><\/p><ul><li><span style=\"color: #ffffff;\"><span style=\"font-size: 16px;\">V\u00e9rifiez toujours la temp\u00e9rature du bain \u00e0 37\u00b0C.<\/span><\/span><\/li><li><span style=\"color: #ffffff;\"><span style=\"font-size: 16px;\">Ne laissez jamais un enfant seul dans le bain pour \u00e9viter les br\u00fblures et le risque de noyade.<\/span><\/span><\/li><li><span style=\"color: #ffffff;\"><span style=\"font-size: 16px;\">\u00c9loignez les enfants des objets chauds et des appareils \u00e9lectrom\u00e9nagers (four, gazini\u00e8re, ampoule, fer \u00e0 repasser, chauffage, etc.).<\/span><\/span><\/li><li><span style=\"color: #ffffff;\"><span style=\"font-size: 16px;\">Ne laissez jamais un enfant seul dans la cuisine pour \u00e9viter les accidents avec des casseroles chaudes.<\/span><\/span><\/li><li><span style=\"color: #ffffff;\"><span style=\"font-size: 16px;\">Expliquez aux enfants de ne pas toucher les br\u00fbleurs de la gazini\u00e8re, les plaques de cuisson et la porte du four.<\/span><\/span><\/li><\/ul>\t\t\t\t\t\t\t\t<\/div>\n\t\t\t\t<\/div>\n\t\t\t\t<\/div>\n\t\t<div class=\"elementor-element elementor-element-f560b04 e-con-full e-flex e-con e-child\" data-id=\"f560b04\" data-element_type=\"container\" data-e-type=\"container\">\n\t\t\t\t<div class=\"elementor-element elementor-element-b564916 elementor-widget__width-initial elementor-widget elementor-widget-text-editor\" data-id=\"b564916\" data-element_type=\"widget\" data-e-type=\"widget\" data-widget_type=\"text-editor.default\">\n\t\t\t\t<div class=\"elementor-widget-container\">\n\t\t\t\t\t\t\t\t\t<p style=\"text-align: center;\"><span style=\"color: #001377;\">R\u00e9cipients <br>et objets chauds<\/span><\/p>\n<ul>\n<li style=\"font-size: 25px;\"><span style=\"font-size: 16px;\">Tournez les queues des casseroles vers l&rsquo;int\u00e9rieur de la gazini\u00e8re ou du plan de travail.<\/span><\/li>\n<li style=\"text-align: start;\"><span style=\"color: #ffffff;\"><span style=\"font-size: 16px;\">\u00c9vitez de passer \u00e0 c\u00f4t\u00e9 ou au-dessus d&rsquo;un enfant avec un r\u00e9cipient contenant un liquide chaud.<\/span><\/span><\/li>\n<li style=\"text-align: start;\"><span style=\"color: #ffffff;\"><span style=\"font-size: 16px;\">Ne portez pas un enfant tout en cuisinant ou en tenant un r\u00e9cipient chaud.<\/span><\/span><\/li>\n<li style=\"text-align: start;\"><span style=\"color: #ffffff;\"><span style=\"font-size: 16px;\">\u00c9vitez de prendre un enfant sur vos genoux tout en buvant une boisson chaude.<\/span><\/span><\/li>\n<li style=\"text-align: start;\"><span style=\"color: #ffffff;\"><span style=\"font-size: 16px;\">Assurez-vous qu&rsquo;un enfant ne puisse pas tirer sur une nappe, ce qui pourrait renverser un r\u00e9cipient chaud.<\/span><\/span><\/li>\n<li style=\"text-align: start;\"><span style=\"color: #ffffff;\"><span style=\"font-size: 16px;\">Expliquez aux enfants de ne pas s&rsquo;approcher de la chemin\u00e9e et de&nbsp; toucher la porte.<br><\/span><\/span><\/li>\n<\/ul>\t\t\t\t\t\t\t\t<\/div>\n\t\t\t\t<\/div>\n\t\t\t\t<\/div>\n\t\t<div class=\"elementor-element elementor-element-7f068c7 e-con-full e-flex e-con e-child\" data-id=\"7f068c7\" data-element_type=\"container\" data-e-type=\"container\">\n\t\t\t\t<div class=\"elementor-element elementor-element-cdea99d elementor-widget__width-initial elementor-widget elementor-widget-text-editor\" data-id=\"cdea99d\" data-element_type=\"widget\" data-e-type=\"widget\" data-widget_type=\"text-editor.default\">\n\t\t\t\t<div class=\"elementor-widget-container\">\n\t\t\t\t\t\t\t\t\t<p style=\"text-align: center;\"><span style=\"color: #001377;\">Flammes <br>et Incendie<\/span><span style=\"color: #001377;\">&nbsp;<\/span><\/p>\n<ul>\n<li style=\"text-align: start;\"><span style=\"color: #ffffff;\"><span style=\"color: #ffffff;\"><span style=\"font-size: 16px;\">Mettre hors de port\u00e9e des enfants les allumettes et les briquets<\/span><\/span><\/span><\/li>\n<li style=\"text-align: start;\"><span style=\"font-size: 16px;\">\u00c9vitez de surcharger les prises \u00e9lectriques et d\u00e9branchez les appareils \u00e9lectriques non utilis\u00e9s pour r\u00e9duire les risques d&rsquo;incendie.<\/span><\/li>\n<li style=\"text-align: start;\"><span style=\"font-size: 16px;\">\u00c9loignez les rideaux, les tissus et autres objets inflammables des sources de chaleur telles que les radiateurs et les lampes.<\/span><\/li>\n<li style=\"text-align: start;\"><span style=\"font-size: 16px;\">Ne pas laisser un enfants s&rsquo;approcher d&rsquo;un barbecue&nbsp;<\/span><\/li>\n<\/ul>\t\t\t\t\t\t\t\t<\/div>\n\t\t\t\t<\/div>\n\t\t\t\t<\/div>\n\t\t\t\t\t<\/div>\n\t\t\t\t<\/div>\n\t\t<div class=\"elementor-element elementor-element-8f4df98 e-flex e-con-boxed e-con e-parent\" data-id=\"8f4df98\" data-element_type=\"container\" data-e-type=\"container\" data-settings=\"{&quot;background_background&quot;:&quot;classic&quot;}\">\n\t\t\t\t\t<div class=\"e-con-inner\">\n\t\t\t\t<div class=\"elementor-element elementor-element-4a1c36d elementor-widget elementor-widget-heading\" data-id=\"4a1c36d\" data-element_type=\"widget\" data-e-type=\"widget\" data-widget_type=\"heading.default\">\n\t\t\t\t<div class=\"elementor-widget-container\">\n\t\t\t\t\t<h2 class=\"elementor-heading-title elementor-size-default\">Comment r\u00e9agir en cas de br\u00fblures<\/h2>\t\t\t\t<\/div>\n\t\t\t\t<\/div>\n\t\t\t\t<div class=\"elementor-element elementor-element-94559b4 elementor-widget__width-inherit elementor-widget elementor-widget-text-editor\" data-id=\"94559b4\" data-element_type=\"widget\" data-e-type=\"widget\" data-widget_type=\"text-editor.default\">\n\t\t\t\t<div class=\"elementor-widget-container\">\n\t\t\t\t\t\t\t\t\t<p>Afin de r\u00e9pondre de mani\u00e8re ad\u00e9quate \u00e0 une br\u00fblure, il est crucial de reconna\u00eetre les diff\u00e9rents types de br\u00fblures possibles.<\/p><p>Une br\u00fblure simple se caract\u00e9rise par une rougeur de la peau ou une cloque dont la surface est inf\u00e9rieure \u00e0 la moiti\u00e9 de la paume de la main de la victime (pour un adulte).<\/p><p>Une br\u00fblure grave est d\u00e9finie par une ou plusieurs cloques dont la surface totale d\u00e9passe la moiti\u00e9 de la paume de la main de la victime (pour un adulte). Elle peut \u00e9galement impliquer une destruction plus profonde de la peau, se manifestant par un aspect blanch\u00e2tre ou noir\u00e2tre parfois indolore, souvent accompagn\u00e9 de cloques et d&rsquo;une rougeur \u00e9tendue. Les br\u00fblures graves se situent g\u00e9n\u00e9ralement sur des zones sensibles telles que le visage, le cou, les mains, les articulations ou \u00e0 proximit\u00e9 des orifices naturels. Elles peuvent \u00e9galement \u00eatre caus\u00e9es par l&rsquo;\u00e9lectricit\u00e9 ou les radiations.<\/p>\t\t\t\t\t\t\t\t<\/div>\n\t\t\t\t<\/div>\n\t\t\t\t\t<\/div>\n\t\t\t\t<\/div>\n\t\t<div class=\"elementor-element elementor-element-e12dac1 e-flex e-con-boxed e-con e-parent\" data-id=\"e12dac1\" data-element_type=\"container\" data-e-type=\"container\">\n\t\t\t\t\t<div class=\"e-con-inner\">\n\t\t\t\t<div class=\"elementor-element elementor-element-3bf90cc elementor-widget elementor-widget-heading\" data-id=\"3bf90cc\" data-element_type=\"widget\" data-e-type=\"widget\" data-widget_type=\"heading.default\">\n\t\t\t\t<div class=\"elementor-widget-container\">\n\t\t\t\t\t<h2 class=\"elementor-heading-title elementor-size-default\">Que faire si vous \u00eates t\u00e9moin d'une br\u00fblure<\/h2>\t\t\t\t<\/div>\n\t\t\t\t<\/div>\n\t\t\t\t\t<\/div>\n\t\t\t\t<\/div>\n\t\t<div class=\"elementor-element elementor-element-79e86e4 e-flex e-con-boxed e-con e-parent\" data-id=\"79e86e4\" data-element_type=\"container\" data-e-type=\"container\">\n\t\t\t\t\t<div class=\"e-con-inner\">\n\t\t\t\t<div class=\"elementor-element elementor-element-1c56a99 elementor-widget elementor-widget-text-editor\" data-id=\"1c56a99\" data-element_type=\"widget\" data-e-type=\"widget\" data-widget_type=\"text-editor.default\">\n\t\t\t\t<div class=\"elementor-widget-container\">\n\t\t\t\t\t\t\t\t\t<p>Lorsqu&rsquo;une victime se plaint d&rsquo;une br\u00fblure, le sauveteur doit agir rapidement en \u00e9valuant la gravit\u00e9 de la blessure et en adaptant ses actions en cons\u00e9quence. Il doit commencer par refroidir la br\u00fblure imm\u00e9diatement en utilisant de l&rsquo;eau ti\u00e8de du robinet pour limiter son extension et soulager la douleur. Ensuite, il doit retirer les v\u00eatements qui ne sont pas coll\u00e9s \u00e0 la peau. Enfin, il doit ajuster ses gestes en fonction de la gravit\u00e9 de la br\u00fblure.<\/p>\t\t\t\t\t\t\t\t<\/div>\n\t\t\t\t<\/div>\n\t\t\t\t\t<\/div>\n\t\t\t\t<\/div>\n\t\t<div class=\"elementor-element elementor-element-237c16f e-flex e-con-boxed e-con e-parent\" data-id=\"237c16f\" data-element_type=\"container\" data-e-type=\"container\">\n\t\t\t\t\t<div class=\"e-con-inner\">\n\t\t<div class=\"elementor-element elementor-element-21f4037 e-con-full e-flex e-con e-child\" data-id=\"21f4037\" data-element_type=\"container\" data-e-type=\"container\">\n\t\t\t\t<div class=\"elementor-element elementor-element-e296ceb elementor-widget elementor-widget-text-editor\" data-id=\"e296ceb\" data-element_type=\"widget\" data-e-type=\"widget\" data-widget_type=\"text-editor.default\">\n\t\t\t\t<div class=\"elementor-widget-container\">\n\t\t\t\t\t\t\t\t\t<h4><strong>En cas de br\u00fblure Simple<\/strong><\/h4><p>Continuer \u00e0 refroidir la br\u00fblure jusqu&rsquo;\u00e0 ce que la douleur diminue.<\/p><p>Il est essentiel de ne jamais percer les cloques, mais plut\u00f4t de les prot\u00e9ger avec un pansement st\u00e9rile.<\/p><p>Il est recommand\u00e9 de consulter un professionnel de la sant\u00e9 dans les situations suivantes :<\/p><ul><li>Pour v\u00e9rifier la validit\u00e9 de la vaccination antit\u00e9tanique.<\/li><li>Si la victime est un enfant ou un nourrisson.<\/li><li>En cas d&rsquo;apparition, dans les jours suivants, de fi\u00e8vre, d&rsquo;une zone chaude, rouge, gonfl\u00e9e ou douloureuse.<\/li><\/ul>\t\t\t\t\t\t\t\t<\/div>\n\t\t\t\t<\/div>\n\t\t\t\t<\/div>\n\t\t<div class=\"elementor-element elementor-element-89bfc71 e-con-full e-flex e-con e-child\" data-id=\"89bfc71\" data-element_type=\"container\" data-e-type=\"container\">\n\t\t\t\t<div class=\"elementor-element elementor-element-f2c6ef4 elementor-widget elementor-widget-text-editor\" data-id=\"f2c6ef4\" data-element_type=\"widget\" data-e-type=\"widget\" data-widget_type=\"text-editor.default\">\n\t\t\t\t<div class=\"elementor-widget-container\">\n\t\t\t\t\t\t\t\t\t<h4><b>En cas de br\u00fblures grave<\/b><\/h4><p>En cas d&rsquo;urgence, contacter les secours en composant le 18 ou le 112.<\/p><p>Continuer \u00e0 refroidir la br\u00fblure selon les directives fournies.<\/p><p>Une fois refroidie, placer la victime dans une position adapt\u00e9e :<\/p><ul><li>Allong\u00e9e confortablement sur un lit, un canap\u00e9 ou, \u00e0 d\u00e9faut, sur le sol.<\/li><li>En position assise en cas de difficult\u00e9s respiratoires.<br \/>En laissant la partie br\u00fbl\u00e9e visible si possible.<\/li><li>Surveiller la victime en permanence.<\/li><\/ul><p><br \/>Il est crucial de ne jamais appliquer de produit sur une br\u00fblure grave sans avis m\u00e9dical. Les br\u00fblures de la bouche ou du nez peuvent entra\u00eener des difficult\u00e9s respiratoires.<\/p><p>\u00a0<\/p><p>\u00a0<\/p>\t\t\t\t\t\t\t\t<\/div>\n\t\t\t\t<\/div>\n\t\t\t\t<\/div>\n\t\t\t\t\t<\/div>\n\t\t\t\t<\/div>\n\t\t<div class=\"elementor-element elementor-element-068d71e e-flex e-con-boxed e-con e-parent\" data-id=\"068d71e\" data-element_type=\"container\" data-e-type=\"container\">\n\t\t\t\t\t<div class=\"e-con-inner\">\n\t\t\t\t<div class=\"elementor-element elementor-element-b5a192a elementor-widget elementor-widget-heading\" data-id=\"b5a192a\" data-element_type=\"widget\" data-e-type=\"widget\" data-widget_type=\"heading.default\">\n\t\t\t\t<div class=\"elementor-widget-container\">\n\t\t\t\t\t<h5 class=\"elementor-heading-title elementor-size-default\">Besoin de plus d'information ?<\/h5>\t\t\t\t<\/div>\n\t\t\t\t<\/div>\n\t\t\t\t<div class=\"elementor-element elementor-element-f202673 elementor-widget elementor-widget-button\" data-id=\"f202673\" data-element_type=\"widget\" data-e-type=\"widget\" data-widget_type=\"button.default\">\n\t\t\t\t<div class=\"elementor-widget-container\">\n\t\t\t\t\t\t\t\t\t<div class=\"elementor-button-wrapper\">\n\t\t\t\t\t<a class=\"elementor-button elementor-button-link elementor-size-sm elementor-animation-grow\" href=\"https:\/\/www.sdis57.fr\/home\/index.php\/faq\/\">\n\t\t\t\t\t\t<span class=\"elementor-button-content-wrapper\">\n\t\t\t\t\t\t\t\t\t<span class=\"elementor-button-text\">Contactez-nous<\/span>\n\t\t\t\t\t<\/span>\n\t\t\t\t\t<\/a>\n\t\t\t\t<\/div>\n\t\t\t\t\t\t\t\t<\/div>\n\t\t\t\t<\/div>\n\t\t\t\t\t<\/div>\n\t\t\t\t<\/div>\n\t\t\t\t<\/div>\n\t\t","protected":false},"excerpt":{"rendered":"<p>Br\u00fblures Les dangers li\u00e9s aux br\u00fblures sont vari\u00e9s : qu&rsquo;il s&rsquo;agisse de br\u00fblures caus\u00e9es par des liquides ou des aliments chauds (comme l&rsquo;eau, la soupe, le caf\u00e9 ou l&rsquo;huile), par les flammes, ou encore par des objets chauds tels que les appareils \u00e9lectrom\u00e9nagers, les casseroles ou les chemin\u00e9es. Chacun de ces types de br\u00fblures peut [&hellip;]<\/p>\n","protected":false},"author":1,"featured_media":0,"parent":452,"menu_order":0,"comment_status":"closed","ping_status":"closed","template":"elementor_header_footer","meta":{"_monsterinsights_skip_tracking":false,"_monsterinsights_sitenote_active":false,"_monsterinsights_sitenote_note":"","_monsterinsights_sitenote_category":0,"footnotes":""},"class_list":["post-2943","page","type-page","status-publish","hentry"],"yoast_head":"<!-- This site is optimized with the Yoast SEO plugin v27.1.1 - https:\/\/yoast.com\/product\/yoast-seo-wordpress\/ -->\n<title>Br\u00fblures - SDIS 57 - Sapeurs-pompiers de la Moselle<\/title>\n<meta name=\"description\" content=\"Retrouvez sur cette page, les informations de s\u00e9curit\u00e9 et les actions de pr\u00e9vention permettant d&#039;appr\u00e9hender les incendies.\" \/>\n<meta name=\"robots\" content=\"index, follow, max-snippet:-1, max-image-preview:large, max-video-preview:-1\" \/>\n<link rel=\"canonical\" href=\"https:\/\/www.sdis57.fr\/home\/index.php\/nos-conseils-prevention\/brulures\/\" \/>\n<meta property=\"og:locale\" content=\"fr_FR\" \/>\n<meta property=\"og:type\" content=\"article\" \/>\n<meta property=\"og:title\" content=\"Br\u00fblures - SDIS 57 - Sapeurs-pompiers de la Moselle\" \/>\n<meta property=\"og:description\" content=\"Retrouvez sur cette page, les informations de s\u00e9curit\u00e9 et les actions de pr\u00e9vention permettant d&#039;appr\u00e9hender les incendies.\" \/>\n<meta property=\"og:url\" content=\"https:\/\/www.sdis57.fr\/home\/index.php\/nos-conseils-prevention\/brulures\/\" \/>\n<meta property=\"og:site_name\" content=\"SDIS 57 - Sapeurs-pompiers de la Moselle\" \/>\n<meta property=\"article:publisher\" content=\"https:\/\/www.facebook.com\/sdis57Officiel\" \/>\n<meta property=\"article:modified_time\" content=\"2025-01-07T09:23:38+00:00\" \/>\n<meta name=\"twitter:card\" content=\"summary_large_image\" \/>\n<meta name=\"twitter:site\" content=\"@SDIS57\" \/>\n<meta name=\"twitter:label1\" content=\"Dur\u00e9e de lecture estim\u00e9e\" \/>\n\t<meta name=\"twitter:data1\" content=\"4 minutes\" \/>\n<script type=\"application\/ld+json\" class=\"yoast-schema-graph\">{\"@context\":\"https:\/\/schema.org\",\"@graph\":[{\"@type\":\"WebPage\",\"@id\":\"https:\/\/www.sdis57.fr\/home\/index.php\/nos-conseils-prevention\/brulures\/\",\"url\":\"https:\/\/www.sdis57.fr\/home\/index.php\/nos-conseils-prevention\/brulures\/\",\"name\":\"Br\u00fblures - SDIS 57 - Sapeurs-pompiers de la Moselle\",\"isPartOf\":{\"@id\":\"https:\/\/www.sdis57.fr\/home\/#website\"},\"datePublished\":\"2024-03-20T10:59:21+00:00\",\"dateModified\":\"2025-01-07T09:23:38+00:00\",\"description\":\"Retrouvez sur cette page, les informations de s\u00e9curit\u00e9 et les actions de pr\u00e9vention permettant d'appr\u00e9hender les incendies.\",\"breadcrumb\":{\"@id\":\"https:\/\/www.sdis57.fr\/home\/index.php\/nos-conseils-prevention\/brulures\/#breadcrumb\"},\"inLanguage\":\"fr-FR\",\"potentialAction\":[{\"@type\":\"ReadAction\",\"target\":[\"https:\/\/www.sdis57.fr\/home\/index.php\/nos-conseils-prevention\/brulures\/\"]}]},{\"@type\":\"BreadcrumbList\",\"@id\":\"https:\/\/www.sdis57.fr\/home\/index.php\/nos-conseils-prevention\/brulures\/#breadcrumb\",\"itemListElement\":[{\"@type\":\"ListItem\",\"position\":1,\"name\":\"Home\",\"item\":\"https:\/\/www.sdis57.fr\/home\/\"},{\"@type\":\"ListItem\",\"position\":2,\"name\":\"Nos conseils pr\u00e9vention\",\"item\":\"https:\/\/www.sdis57.fr\/home\/index.php\/nos-conseils-prevention\/\"},{\"@type\":\"ListItem\",\"position\":3,\"name\":\"Br\u00fblures\"}]},{\"@type\":\"WebSite\",\"@id\":\"https:\/\/www.sdis57.fr\/home\/#website\",\"url\":\"https:\/\/www.sdis57.fr\/home\/\",\"name\":\"SAPEURS-POMPIERS DE LA MOSELLE\",\"description\":\"\u00c0 vos c\u00f4t\u00e9s au quotidien !\",\"publisher\":{\"@id\":\"https:\/\/www.sdis57.fr\/home\/#organization\"},\"potentialAction\":[{\"@type\":\"SearchAction\",\"target\":{\"@type\":\"EntryPoint\",\"urlTemplate\":\"https:\/\/www.sdis57.fr\/home\/?s={search_term_string}\"},\"query-input\":{\"@type\":\"PropertyValueSpecification\",\"valueRequired\":true,\"valueName\":\"search_term_string\"}}],\"inLanguage\":\"fr-FR\"},{\"@type\":\"Organization\",\"@id\":\"https:\/\/www.sdis57.fr\/home\/#organization\",\"name\":\"SAPEURS-POMPIERS DE LA MOSELLE\",\"url\":\"https:\/\/www.sdis57.fr\/home\/\",\"logo\":{\"@type\":\"ImageObject\",\"inLanguage\":\"fr-FR\",\"@id\":\"https:\/\/www.sdis57.fr\/home\/#\/schema\/logo\/image\/\",\"url\":\"https:\/\/www.sdis57.fr\/home\/wp-content\/uploads\/2023\/09\/Logo_SDIS_57.png\",\"contentUrl\":\"https:\/\/www.sdis57.fr\/home\/wp-content\/uploads\/2023\/09\/Logo_SDIS_57.png\",\"width\":970,\"height\":882,\"caption\":\"SAPEURS-POMPIERS DE LA MOSELLE\"},\"image\":{\"@id\":\"https:\/\/www.sdis57.fr\/home\/#\/schema\/logo\/image\/\"},\"sameAs\":[\"https:\/\/www.facebook.com\/sdis57Officiel\",\"https:\/\/x.com\/SDIS57\",\"https:\/\/www.linkedin.com\/company\/sdis-57-sapeurs-pompiers-de-la-moselle\/\"]}]}<\/script>\n<!-- \/ Yoast SEO plugin. -->","yoast_head_json":{"title":"Br\u00fblures - SDIS 57 - Sapeurs-pompiers de la Moselle","description":"Retrouvez sur cette page, les informations de s\u00e9curit\u00e9 et les actions de pr\u00e9vention permettant d'appr\u00e9hender les incendies.","robots":{"index":"index","follow":"follow","max-snippet":"max-snippet:-1","max-image-preview":"max-image-preview:large","max-video-preview":"max-video-preview:-1"},"canonical":"https:\/\/www.sdis57.fr\/home\/index.php\/nos-conseils-prevention\/brulures\/","og_locale":"fr_FR","og_type":"article","og_title":"Br\u00fblures - SDIS 57 - Sapeurs-pompiers de la Moselle","og_description":"Retrouvez sur cette page, les informations de s\u00e9curit\u00e9 et les actions de pr\u00e9vention permettant d'appr\u00e9hender les incendies.","og_url":"https:\/\/www.sdis57.fr\/home\/index.php\/nos-conseils-prevention\/brulures\/","og_site_name":"SDIS 57 - Sapeurs-pompiers de la Moselle","article_publisher":"https:\/\/www.facebook.com\/sdis57Officiel","article_modified_time":"2025-01-07T09:23:38+00:00","twitter_card":"summary_large_image","twitter_site":"@SDIS57","twitter_misc":{"Dur\u00e9e de lecture estim\u00e9e":"4 minutes"},"schema":{"@context":"https:\/\/schema.org","@graph":[{"@type":"WebPage","@id":"https:\/\/www.sdis57.fr\/home\/index.php\/nos-conseils-prevention\/brulures\/","url":"https:\/\/www.sdis57.fr\/home\/index.php\/nos-conseils-prevention\/brulures\/","name":"Br\u00fblures - SDIS 57 - Sapeurs-pompiers de la Moselle","isPartOf":{"@id":"https:\/\/www.sdis57.fr\/home\/#website"},"datePublished":"2024-03-20T10:59:21+00:00","dateModified":"2025-01-07T09:23:38+00:00","description":"Retrouvez sur cette page, les informations de s\u00e9curit\u00e9 et les actions de pr\u00e9vention permettant d'appr\u00e9hender les incendies.","breadcrumb":{"@id":"https:\/\/www.sdis57.fr\/home\/index.php\/nos-conseils-prevention\/brulures\/#breadcrumb"},"inLanguage":"fr-FR","potentialAction":[{"@type":"ReadAction","target":["https:\/\/www.sdis57.fr\/home\/index.php\/nos-conseils-prevention\/brulures\/"]}]},{"@type":"BreadcrumbList","@id":"https:\/\/www.sdis57.fr\/home\/index.php\/nos-conseils-prevention\/brulures\/#breadcrumb","itemListElement":[{"@type":"ListItem","position":1,"name":"Home","item":"https:\/\/www.sdis57.fr\/home\/"},{"@type":"ListItem","position":2,"name":"Nos conseils pr\u00e9vention","item":"https:\/\/www.sdis57.fr\/home\/index.php\/nos-conseils-prevention\/"},{"@type":"ListItem","position":3,"name":"Br\u00fblures"}]},{"@type":"WebSite","@id":"https:\/\/www.sdis57.fr\/home\/#website","url":"https:\/\/www.sdis57.fr\/home\/","name":"SAPEURS-POMPIERS DE LA MOSELLE","description":"\u00c0 vos c\u00f4t\u00e9s au quotidien !","publisher":{"@id":"https:\/\/www.sdis57.fr\/home\/#organization"},"potentialAction":[{"@type":"SearchAction","target":{"@type":"EntryPoint","urlTemplate":"https:\/\/www.sdis57.fr\/home\/?s={search_term_string}"},"query-input":{"@type":"PropertyValueSpecification","valueRequired":true,"valueName":"search_term_string"}}],"inLanguage":"fr-FR"},{"@type":"Organization","@id":"https:\/\/www.sdis57.fr\/home\/#organization","name":"SAPEURS-POMPIERS DE LA MOSELLE","url":"https:\/\/www.sdis57.fr\/home\/","logo":{"@type":"ImageObject","inLanguage":"fr-FR","@id":"https:\/\/www.sdis57.fr\/home\/#\/schema\/logo\/image\/","url":"https:\/\/www.sdis57.fr\/home\/wp-content\/uploads\/2023\/09\/Logo_SDIS_57.png","contentUrl":"https:\/\/www.sdis57.fr\/home\/wp-content\/uploads\/2023\/09\/Logo_SDIS_57.png","width":970,"height":882,"caption":"SAPEURS-POMPIERS DE LA MOSELLE"},"image":{"@id":"https:\/\/www.sdis57.fr\/home\/#\/schema\/logo\/image\/"},"sameAs":["https:\/\/www.facebook.com\/sdis57Officiel","https:\/\/x.com\/SDIS57","https:\/\/www.linkedin.com\/company\/sdis-57-sapeurs-pompiers-de-la-moselle\/"]}]}},"_links":{"self":[{"href":"https:\/\/www.sdis57.fr\/home\/index.php\/wp-json\/wp\/v2\/pages\/2943","targetHints":{"allow":["GET"]}}],"collection":[{"href":"https:\/\/www.sdis57.fr\/home\/index.php\/wp-json\/wp\/v2\/pages"}],"about":[{"href":"https:\/\/www.sdis57.fr\/home\/index.php\/wp-json\/wp\/v2\/types\/page"}],"author":[{"embeddable":true,"href":"https:\/\/www.sdis57.fr\/home\/index.php\/wp-json\/wp\/v2\/users\/1"}],"replies":[{"embeddable":true,"href":"https:\/\/www.sdis57.fr\/home\/index.php\/wp-json\/wp\/v2\/comments?post=2943"}],"version-history":[{"count":70,"href":"https:\/\/www.sdis57.fr\/home\/index.php\/wp-json\/wp\/v2\/pages\/2943\/revisions"}],"predecessor-version":[{"id":5163,"href":"https:\/\/www.sdis57.fr\/home\/index.php\/wp-json\/wp\/v2\/pages\/2943\/revisions\/5163"}],"up":[{"embeddable":true,"href":"https:\/\/www.sdis57.fr\/home\/index.php\/wp-json\/wp\/v2\/pages\/452"}],"wp:attachment":[{"href":"https:\/\/www.sdis57.fr\/home\/index.php\/wp-json\/wp\/v2\/media?parent=2943"}],"curies":[{"name":"wp","href":"https:\/\/api.w.org\/{rel}","templated":true}]}}