{"id":8099,"date":"2025-09-11T14:16:59","date_gmt":"2025-09-11T14:16:59","guid":{"rendered":"https:\/\/www.sdis57.fr\/home\/?page_id=8099"},"modified":"2025-12-18T10:20:40","modified_gmt":"2025-12-18T10:20:40","slug":"convention-employeur-acces-employeur","status":"publish","type":"page","link":"https:\/\/www.sdis57.fr\/home\/index.php\/convention-employeur-acces-employeur\/","title":{"rendered":"Convention employeur &#8211; acc\u00e8s employeur"},"content":{"rendered":"","protected":true},"excerpt":{"rendered":"","protected":true},"author":3,"featured_media":0,"parent":0,"menu_order":0,"comment_status":"closed","ping_status":"closed","template":"","meta":{"_monsterinsights_skip_tracking":false,"_monsterinsights_sitenote_active":false,"_monsterinsights_sitenote_note":"","_monsterinsights_sitenote_category":0,"footnotes":""},"class_list":["post-8099","page","type-page","status-publish","post-password-required","hentry"],"yoast_head":"<!-- This site is optimized with the Yoast SEO plugin v27.1.1 - https:\/\/yoast.com\/product\/yoast-seo-wordpress\/ -->\n<title>Convention employeur - acc\u00e8s employeur - SDIS 57 - Sapeurs-pompiers de la Moselle<\/title>\n<meta name=\"robots\" content=\"index, follow, max-snippet:-1, max-image-preview:large, max-video-preview:-1\" \/>\n<link rel=\"canonical\" href=\"https:\/\/www.sdis57.fr\/home\/index.php\/convention-employeur-acces-employeur\/\" \/>\n<meta property=\"og:locale\" content=\"fr_FR\" \/>\n<meta property=\"og:type\" content=\"article\" \/>\n<meta property=\"og:title\" content=\"Convention employeur - acc\u00e8s employeur - SDIS 57 - Sapeurs-pompiers de la Moselle\" \/>\n<meta property=\"og:description\" content=\"Il n\u2019y a pas d\u2019extrait, car cette publication est prot\u00e9g\u00e9e.\" \/>\n<meta property=\"og:url\" content=\"https:\/\/www.sdis57.fr\/home\/index.php\/convention-employeur-acces-employeur\/\" \/>\n<meta property=\"og:site_name\" content=\"SDIS 57 - Sapeurs-pompiers de la Moselle\" \/>\n<meta property=\"article:publisher\" content=\"https:\/\/www.facebook.com\/sdis57Officiel\" \/>\n<meta property=\"article:modified_time\" content=\"2025-12-18T10:20:40+00:00\" \/>\n<meta name=\"twitter:card\" content=\"summary_large_image\" \/>\n<meta name=\"twitter:site\" content=\"@SDIS57\" \/>\n<meta name=\"twitter:label1\" content=\"Dur\u00e9e de lecture estim\u00e9e\" \/>\n\t<meta name=\"twitter:data1\" content=\"1 minute\" \/>\n<script type=\"application\/ld+json\" class=\"yoast-schema-graph\">{\"@context\":\"https:\/\/schema.org\",\"@graph\":[{\"@type\":\"WebPage\",\"@id\":\"https:\/\/www.sdis57.fr\/home\/index.php\/convention-employeur-acces-employeur\/\",\"url\":\"https:\/\/www.sdis57.fr\/home\/index.php\/convention-employeur-acces-employeur\/\",\"name\":\"Convention employeur - acc\u00e8s employeur - SDIS 57 - Sapeurs-pompiers de la Moselle\",\"isPartOf\":{\"@id\":\"https:\/\/www.sdis57.fr\/home\/#website\"},\"datePublished\":\"2025-09-11T14:16:59+00:00\",\"dateModified\":\"2025-12-18T10:20:40+00:00\",\"breadcrumb\":{\"@id\":\"https:\/\/www.sdis57.fr\/home\/index.php\/convention-employeur-acces-employeur\/#breadcrumb\"},\"inLanguage\":\"fr-FR\"},{\"@type\":\"WebSite\",\"@id\":\"https:\/\/www.sdis57.fr\/home\/#website\",\"url\":\"https:\/\/www.sdis57.fr\/home\/\",\"name\":\"SAPEURS-POMPIERS DE LA MOSELLE\",\"description\":\"\u00c0 vos c\u00f4t\u00e9s au quotidien !\",\"publisher\":{\"@id\":\"https:\/\/www.sdis57.fr\/home\/#organization\"},\"potentialAction\":[{\"@type\":\"SearchAction\",\"target\":{\"@type\":\"EntryPoint\",\"urlTemplate\":\"https:\/\/www.sdis57.fr\/home\/?s={search_term_string}\"},\"query-input\":{\"@type\":\"PropertyValueSpecification\",\"valueRequired\":true,\"valueName\":\"search_term_string\"}}],\"inLanguage\":\"fr-FR\"},{\"@type\":\"Organization\",\"@id\":\"https:\/\/www.sdis57.fr\/home\/#organization\",\"name\":\"SAPEURS-POMPIERS DE LA MOSELLE\",\"url\":\"https:\/\/www.sdis57.fr\/home\/\",\"logo\":{\"@type\":\"ImageObject\",\"inLanguage\":\"fr-FR\",\"@id\":\"https:\/\/www.sdis57.fr\/home\/#\/schema\/logo\/image\/\",\"url\":\"https:\/\/www.sdis57.fr\/home\/wp-content\/uploads\/2023\/09\/Logo_SDIS_57.png\",\"contentUrl\":\"https:\/\/www.sdis57.fr\/home\/wp-content\/uploads\/2023\/09\/Logo_SDIS_57.png\",\"width\":970,\"height\":882,\"caption\":\"SAPEURS-POMPIERS DE LA MOSELLE\"},\"image\":{\"@id\":\"https:\/\/www.sdis57.fr\/home\/#\/schema\/logo\/image\/\"},\"sameAs\":[\"https:\/\/www.facebook.com\/sdis57Officiel\",\"https:\/\/x.com\/SDIS57\",\"https:\/\/www.linkedin.com\/company\/sdis-57-sapeurs-pompiers-de-la-moselle\/\"]}]}<\/script>\n<!-- \/ Yoast SEO plugin. -->","yoast_head_json":{"title":"Convention employeur - acc\u00e8s employeur - SDIS 57 - Sapeurs-pompiers de la Moselle","robots":{"index":"index","follow":"follow","max-snippet":"max-snippet:-1","max-image-preview":"max-image-preview:large","max-video-preview":"max-video-preview:-1"},"canonical":"https:\/\/www.sdis57.fr\/home\/index.php\/convention-employeur-acces-employeur\/","og_locale":"fr_FR","og_type":"article","og_title":"Convention employeur - acc\u00e8s employeur - SDIS 57 - Sapeurs-pompiers de la Moselle","og_description":"Il n\u2019y a pas d\u2019extrait, car cette publication est prot\u00e9g\u00e9e.","og_url":"https:\/\/www.sdis57.fr\/home\/index.php\/convention-employeur-acces-employeur\/","og_site_name":"SDIS 57 - Sapeurs-pompiers de la Moselle","article_publisher":"https:\/\/www.facebook.com\/sdis57Officiel","article_modified_time":"2025-12-18T10:20:40+00:00","twitter_card":"summary_large_image","twitter_site":"@SDIS57","twitter_misc":{"Dur\u00e9e de lecture estim\u00e9e":"1 minute"},"schema":{"@context":"https:\/\/schema.org","@graph":[{"@type":"WebPage","@id":"https:\/\/www.sdis57.fr\/home\/index.php\/convention-employeur-acces-employeur\/","url":"https:\/\/www.sdis57.fr\/home\/index.php\/convention-employeur-acces-employeur\/","name":"Convention employeur - acc\u00e8s employeur - SDIS 57 - Sapeurs-pompiers de la Moselle","isPartOf":{"@id":"https:\/\/www.sdis57.fr\/home\/#website"},"datePublished":"2025-09-11T14:16:59+00:00","dateModified":"2025-12-18T10:20:40+00:00","breadcrumb":{"@id":"https:\/\/www.sdis57.fr\/home\/index.php\/convention-employeur-acces-employeur\/#breadcrumb"},"inLanguage":"fr-FR"},{"@type":"WebSite","@id":"https:\/\/www.sdis57.fr\/home\/#website","url":"https:\/\/www.sdis57.fr\/home\/","name":"SAPEURS-POMPIERS DE LA MOSELLE","description":"\u00c0 vos c\u00f4t\u00e9s au quotidien !","publisher":{"@id":"https:\/\/www.sdis57.fr\/home\/#organization"},"potentialAction":[{"@type":"SearchAction","target":{"@type":"EntryPoint","urlTemplate":"https:\/\/www.sdis57.fr\/home\/?s={search_term_string}"},"query-input":{"@type":"PropertyValueSpecification","valueRequired":true,"valueName":"search_term_string"}}],"inLanguage":"fr-FR"},{"@type":"Organization","@id":"https:\/\/www.sdis57.fr\/home\/#organization","name":"SAPEURS-POMPIERS DE LA MOSELLE","url":"https:\/\/www.sdis57.fr\/home\/","logo":{"@type":"ImageObject","inLanguage":"fr-FR","@id":"https:\/\/www.sdis57.fr\/home\/#\/schema\/logo\/image\/","url":"https:\/\/www.sdis57.fr\/home\/wp-content\/uploads\/2023\/09\/Logo_SDIS_57.png","contentUrl":"https:\/\/www.sdis57.fr\/home\/wp-content\/uploads\/2023\/09\/Logo_SDIS_57.png","width":970,"height":882,"caption":"SAPEURS-POMPIERS DE LA MOSELLE"},"image":{"@id":"https:\/\/www.sdis57.fr\/home\/#\/schema\/logo\/image\/"},"sameAs":["https:\/\/www.facebook.com\/sdis57Officiel","https:\/\/x.com\/SDIS57","https:\/\/www.linkedin.com\/company\/sdis-57-sapeurs-pompiers-de-la-moselle\/"]}]}},"_links":{"self":[{"href":"https:\/\/www.sdis57.fr\/home\/index.php\/wp-json\/wp\/v2\/pages\/8099","targetHints":{"allow":["GET"]}}],"collection":[{"href":"https:\/\/www.sdis57.fr\/home\/index.php\/wp-json\/wp\/v2\/pages"}],"about":[{"href":"https:\/\/www.sdis57.fr\/home\/index.php\/wp-json\/wp\/v2\/types\/page"}],"author":[{"embeddable":true,"href":"https:\/\/www.sdis57.fr\/home\/index.php\/wp-json\/wp\/v2\/users\/3"}],"replies":[{"embeddable":true,"href":"https:\/\/www.sdis57.fr\/home\/index.php\/wp-json\/wp\/v2\/comments?post=8099"}],"version-history":[{"count":28,"href":"https:\/\/www.sdis57.fr\/home\/index.php\/wp-json\/wp\/v2\/pages\/8099\/revisions"}],"predecessor-version":[{"id":8411,"href":"https:\/\/www.sdis57.fr\/home\/index.php\/wp-json\/wp\/v2\/pages\/8099\/revisions\/8411"}],"wp:attachment":[{"href":"https:\/\/www.sdis57.fr\/home\/index.php\/wp-json\/wp\/v2\/media?parent=8099"}],"curies":[{"name":"wp","href":"https:\/\/api.w.org\/{rel}","templated":true}]}}